{"id":823,"date":"2018-12-16T18:38:19","date_gmt":"2018-12-16T17:38:19","guid":{"rendered":"https:\/\/www.ordinaceplint.cz\/?page_id=823"},"modified":"2018-12-17T07:07:20","modified_gmt":"2018-12-17T06:07:20","slug":"nase-pomoc","status":"publish","type":"page","link":"https:\/\/www.ordinaceplint.cz\/index.php\/nase-pomoc\/","title":{"rendered":"Na\u0161e pomoc"},"content":{"rendered":"<p>V\u00e1\u017een\u00ed n\u00e1v\u0161t\u011bvn\u00edci,<\/p>\n<p>v t\u00e9to \u010d\u00e1sti na\u0161ich str\u00e1nek si V\u00e1m dovolujeme p\u0159edstavit, jak se sna\u017e\u00edme podporovat a pom\u00e1hat tam, kde c\u00edt\u00edme, \u017ee na\u0161e pomoc a podpora je \u00fa\u010deln\u00e1 a pot\u0159ebn\u00e1.\u00a0<\/p>\n<div><a href=\"https:\/\/www.ordinaceplint.cz\/index.php\/lekari-bez-hranic\/\">L\u00e9ka\u0159i bez hranic<\/a><\/div>\n<div><a href=\"https:\/\/www.ordinaceplint.cz\/index.php\/nase-pomoc\/845-2\/\">Skute\u010dn\u00fd d\u00e1rek<\/a><\/div>\n<div><a href=\"https:\/\/www.ordinaceplint.cz\/index.php\/nase-pomoc\/daruj-hracku\/\">Daruj hra\u010dku<\/a><\/div>\n","protected":false},"excerpt":{"rendered":"<p>V\u00e1\u017een\u00ed n\u00e1v\u0161t\u011bvn\u00edci, v t\u00e9to \u010d\u00e1sti na\u0161ich str\u00e1nek si V\u00e1m dovolujeme p\u0159edstavit, jak se sna\u017e\u00edme podporovat a pom\u00e1hat tam, kde c\u00edt\u00edme, \u017ee na\u0161e pomoc a podpora je \u00fa\u010deln\u00e1 a pot\u0159ebn\u00e1.\u00a0 L\u00e9ka\u0159i bez hranic Skute\u010dn\u00fd d\u00e1rek Daruj hra\u010dku<\/p>\n","protected":false},"author":1,"featured_media":0,"parent":0,"menu_order":0,"comment_status":"closed","ping_status":"closed","template":"","meta":{"_crdt_document":"","footnotes":""},"class_list":["post-823","page","type-page","status-publish","hentry"],"aioseo_notices":[],"_links":{"self":[{"href":"https:\/\/www.ordinaceplint.cz\/index.php\/wp-json\/wp\/v2\/pages\/823","targetHints":{"allow":["GET"]}}],"collection":[{"href":"https:\/\/www.ordinaceplint.cz\/index.php\/wp-json\/wp\/v2\/pages"}],"about":[{"href":"https:\/\/www.ordinaceplint.cz\/index.php\/wp-json\/wp\/v2\/types\/page"}],"author":[{"embeddable":true,"href":"https:\/\/www.ordinaceplint.cz\/index.php\/wp-json\/wp\/v2\/users\/1"}],"replies":[{"embeddable":true,"href":"https:\/\/www.ordinaceplint.cz\/index.php\/wp-json\/wp\/v2\/comments?post=823"}],"version-history":[{"count":4,"href":"https:\/\/www.ordinaceplint.cz\/index.php\/wp-json\/wp\/v2\/pages\/823\/revisions"}],"predecessor-version":[{"id":861,"href":"https:\/\/www.ordinaceplint.cz\/index.php\/wp-json\/wp\/v2\/pages\/823\/revisions\/861"}],"wp:attachment":[{"href":"https:\/\/www.ordinaceplint.cz\/index.php\/wp-json\/wp\/v2\/media?parent=823"}],"curies":[{"name":"wp","href":"https:\/\/api.w.org\/{rel}","templated":true}]}}