{"id":813,"date":"2018-12-16T18:28:14","date_gmt":"2018-12-16T17:28:14","guid":{"rendered":"https:\/\/www.ordinaceplint.cz\/?page_id=813"},"modified":"2018-12-16T18:52:54","modified_gmt":"2018-12-16T17:52:54","slug":"lekari-bez-hranic","status":"publish","type":"page","link":"https:\/\/www.ordinaceplint.cz\/index.php\/nase-pomoc\/lekari-bez-hranic\/","title":{"rendered":"L\u00e9ka\u0159i bez hranic"},"content":{"rendered":"<p>&nbsp;<\/p>\n<h2 style=\"text-align: center;\">L\u00c9KA\u0158I BEZ HRANIC<\/h2>\n<p><a href=\"https:\/\/www.ordinaceplint.cz\/wp-content\/uploads\/2018\/12\/l\u00e9ka\u0159i-logo.png\" rel=\"https:\/\/www.lekari-bez-hranic.cz\/\"><img loading=\"lazy\" decoding=\"async\" class=\"aligncenter wp-image-825\" src=\"https:\/\/www.ordinaceplint.cz\/wp-content\/uploads\/2018\/12\/l\u00e9ka\u0159i-logo-300x126.png\" alt=\"\" width=\"148\" height=\"62\" srcset=\"https:\/\/www.ordinaceplint.cz\/wp-content\/uploads\/2018\/12\/l\u00e9ka\u0159i-logo-300x126.png 300w, https:\/\/www.ordinaceplint.cz\/wp-content\/uploads\/2018\/12\/l\u00e9ka\u0159i-logo-768x323.png 768w, https:\/\/www.ordinaceplint.cz\/wp-content\/uploads\/2018\/12\/l\u00e9ka\u0159i-logo-1024x430.png 1024w, https:\/\/www.ordinaceplint.cz\/wp-content\/uploads\/2018\/12\/l\u00e9ka\u0159i-logo.png 1216w\" sizes=\"auto, (max-width: 148px) 100vw, 148px\" \/><\/a>Obdivujeme v\u0161echny, kte\u0159\u00ed nev\u00e1haj\u00ed dobrovoln\u011b opustit pohodl\u00ed sv\u00e9ho domova a jsou ochotni se vydat do vzd\u00e1len\u00fdch m\u00edst, aby poskytli svoji pomoc lidem v nejvy\u0161\u0161\u00ed nouzi p\u0159i povodn\u00edch, hladomorech epidemi\u00edch \u010di uprost\u0159ed ozbrojen\u00fdch konflikt\u016f.<!--more--><\/p>\n<p style=\"text-align: justify;\">Mezi takov\u00e9 p<a href=\"https:\/\/www.ordinaceplint.cz\/wp-content\/uploads\/2018\/12\/pod\u011bkov\u00e1n\u00ed.png\"><img loading=\"lazy\" decoding=\"async\" class=\"wp-image-821 alignleft\" src=\"https:\/\/www.ordinaceplint.cz\/wp-content\/uploads\/2018\/12\/pod\u011bkov\u00e1n\u00ed-213x300.png\" alt=\"\" width=\"124\" height=\"175\" srcset=\"https:\/\/www.ordinaceplint.cz\/wp-content\/uploads\/2018\/12\/pod\u011bkov\u00e1n\u00ed-213x300.png 213w, https:\/\/www.ordinaceplint.cz\/wp-content\/uploads\/2018\/12\/pod\u011bkov\u00e1n\u00ed-768x1080.png 768w, https:\/\/www.ordinaceplint.cz\/wp-content\/uploads\/2018\/12\/pod\u011bkov\u00e1n\u00ed-728x1024.png 728w\" sizes=\"auto, (max-width: 124px) 100vw, 124px\" \/><\/a>at\u0159\u00ed i &#8222;L\u00c9KA\u0158I BEZ HRANIC&#8220;, a na\u0161e spole\u010dnost se rozhodla podpo\u0159it tuto spole\u010dnost finan\u010dn\u00edm darem, proto\u017ee i n\u00e1m nen\u00ed jedno, co se kolem n\u00e1s d\u011bje a z\u00e1le\u017e\u00ed n\u00e1m na osudech lid\u00ed, kte\u0159\u00ed pomoc pot\u0159ebuj\u00ed.<\/p>\n<p style=\"text-align: justify;\">Na\u0161im darem jsme se p\u0159ipojili k cca 5 milion\u016fm p\u0159isp\u011bvatel\u016f z cel\u00e9ho sv\u011bta, kte\u0159\u00ed t\u00edmto sv\u00fdm postojem vyjad\u0159uj\u00ed svoje p\u0159esv\u011bd\u010den\u00ed, \u017ee pr\u00e1ce t\u011bchto dobrovoln\u00edku m\u00e1 smysl.<\/p>\n<p style=\"text-align: justify;\">Pokud V\u00e1s tato problematika oslovila, nev\u00e1hejte a nav\u0161tivte i Vy jejich <a href=\"https:\/\/www.lekari-bez-hranic.cz\/\" target=\"_blank\" rel=\"noopener\">web<\/a>. Ka\u017ed\u00fd, i mal\u00fd, p\u0159\u00edsp\u011bvek m\u00e1 smysl.<\/p>\n<p>Na z\u00e1v\u011br p\u0159ipojujeme n\u011bkolik m\u00e1lo propaga\u010dn\u00edch materi\u00e1l\u016f:<\/p>\n<p><a href=\"https:\/\/www.ordinaceplint.cz\/wp-content\/uploads\/2018\/12\/dopis.pdf\" target=\"_blank\" rel=\"noopener\">Pod\u011bkov\u00e1n\u00ed za p\u0159\u00edsp\u011bvek<\/a><\/p>\n<p><a href=\"https:\/\/www.ordinaceplint.cz\/wp-content\/uploads\/2018\/12\/kdo-jsou.pdf\">Principy l\u00e9ka\u0159\u016f bez hranic<\/a><\/p>\n<p><a href=\"https:\/\/www.ordinaceplint.cz\/wp-content\/uploads\/2018\/12\/projekty.pdf\">Projekty na cel\u00e9m sv\u011bt\u011b<\/a><\/p>\n","protected":false},"excerpt":{"rendered":"<p>&nbsp; L\u00c9KA\u0158I BEZ HRANIC Obdivujeme v\u0161echny, kte\u0159\u00ed nev\u00e1haj\u00ed dobrovoln\u011b opustit pohodl\u00ed sv\u00e9ho domova a jsou ochotni se vydat do vzd\u00e1len\u00fdch m\u00edst, aby poskytli svoji pomoc lidem v nejvy\u0161\u0161\u00ed nouzi p\u0159i povodn\u00edch, hladomorech epidemi\u00edch \u010di uprost\u0159ed ozbrojen\u00fdch konflikt\u016f.<\/p>\n","protected":false},"author":1,"featured_media":0,"parent":823,"menu_order":0,"comment_status":"closed","ping_status":"closed","template":"","meta":{"_crdt_document":"","footnotes":""},"class_list":["post-813","page","type-page","status-publish","hentry"],"aioseo_notices":[],"_links":{"self":[{"href":"https:\/\/www.ordinaceplint.cz\/index.php\/wp-json\/wp\/v2\/pages\/813","targetHints":{"allow":["GET"]}}],"collection":[{"href":"https:\/\/www.ordinaceplint.cz\/index.php\/wp-json\/wp\/v2\/pages"}],"about":[{"href":"https:\/\/www.ordinaceplint.cz\/index.php\/wp-json\/wp\/v2\/types\/page"}],"author":[{"embeddable":true,"href":"https:\/\/www.ordinaceplint.cz\/index.php\/wp-json\/wp\/v2\/users\/1"}],"replies":[{"embeddable":true,"href":"https:\/\/www.ordinaceplint.cz\/index.php\/wp-json\/wp\/v2\/comments?post=813"}],"version-history":[{"count":14,"href":"https:\/\/www.ordinaceplint.cz\/index.php\/wp-json\/wp\/v2\/pages\/813\/revisions"}],"predecessor-version":[{"id":841,"href":"https:\/\/www.ordinaceplint.cz\/index.php\/wp-json\/wp\/v2\/pages\/813\/revisions\/841"}],"up":[{"embeddable":true,"href":"https:\/\/www.ordinaceplint.cz\/index.php\/wp-json\/wp\/v2\/pages\/823"}],"wp:attachment":[{"href":"https:\/\/www.ordinaceplint.cz\/index.php\/wp-json\/wp\/v2\/media?parent=813"}],"curies":[{"name":"wp","href":"https:\/\/api.w.org\/{rel}","templated":true}]}}