{"id":750,"date":"2018-07-09T09:20:18","date_gmt":"2018-07-09T08:20:18","guid":{"rendered":"https:\/\/www.ordinaceplint.cz\/?page_id=750"},"modified":"2018-07-09T09:20:41","modified_gmt":"2018-07-09T08:20:41","slug":"reznikova","status":"publish","type":"page","link":"https:\/\/www.ordinaceplint.cz\/index.php\/zdravotnicky-personal\/reznikova\/","title":{"rendered":"Ivana \u0158ezn\u00edkov\u00e1, DiS."},"content":{"rendered":"<p>P\u0159edstavujeme V\u00e1m na\u0161eho zam\u011bstnance<\/p>\n<h4>Ivana \u0158ezn\u00edkov\u00e1, DiS.<\/h4>\n<p>Ivana \u0158ezn\u00edkov\u00e1 pracuje v na\u0161\u00ed spole\u010dnosti\u00a0<a href=\"http:\/\/www.ordinaceplint.cz\/index.php\/o-nas\/\">ORDINACE PLINT s.r.o.<\/a>\u00a0 jako zdravotn\u00ed sestra v <a href=\"http:\/\/www.ordinaceplint.cz\/index.php\/poskytovane-sluzby\/ordinace-praktickeho-lekare\/\">ordinaci praktick\u00e9ho l\u00e9ka\u0159e<\/a> od 1.6.2018.<\/p>\n","protected":false},"excerpt":{"rendered":"<p>P\u0159edstavujeme V\u00e1m na\u0161eho zam\u011bstnance Ivana \u0158ezn\u00edkov\u00e1, DiS. Ivana \u0158ezn\u00edkov\u00e1 pracuje v na\u0161\u00ed spole\u010dnosti\u00a0ORDINACE PLINT s.r.o.\u00a0 jako zdravotn\u00ed sestra v ordinaci praktick\u00e9ho l\u00e9ka\u0159e od 1.6.2018.<\/p>\n","protected":false},"author":1,"featured_media":0,"parent":136,"menu_order":0,"comment_status":"closed","ping_status":"closed","template":"","meta":{"_crdt_document":"","footnotes":""},"class_list":["post-750","page","type-page","status-publish","hentry"],"aioseo_notices":[],"_links":{"self":[{"href":"https:\/\/www.ordinaceplint.cz\/index.php\/wp-json\/wp\/v2\/pages\/750","targetHints":{"allow":["GET"]}}],"collection":[{"href":"https:\/\/www.ordinaceplint.cz\/index.php\/wp-json\/wp\/v2\/pages"}],"about":[{"href":"https:\/\/www.ordinaceplint.cz\/index.php\/wp-json\/wp\/v2\/types\/page"}],"author":[{"embeddable":true,"href":"https:\/\/www.ordinaceplint.cz\/index.php\/wp-json\/wp\/v2\/users\/1"}],"replies":[{"embeddable":true,"href":"https:\/\/www.ordinaceplint.cz\/index.php\/wp-json\/wp\/v2\/comments?post=750"}],"version-history":[{"count":2,"href":"https:\/\/www.ordinaceplint.cz\/index.php\/wp-json\/wp\/v2\/pages\/750\/revisions"}],"predecessor-version":[{"id":752,"href":"https:\/\/www.ordinaceplint.cz\/index.php\/wp-json\/wp\/v2\/pages\/750\/revisions\/752"}],"up":[{"embeddable":true,"href":"https:\/\/www.ordinaceplint.cz\/index.php\/wp-json\/wp\/v2\/pages\/136"}],"wp:attachment":[{"href":"https:\/\/www.ordinaceplint.cz\/index.php\/wp-json\/wp\/v2\/media?parent=750"}],"curies":[{"name":"wp","href":"https:\/\/api.w.org\/{rel}","templated":true}]}}