{"id":736,"date":"2018-05-22T20:39:00","date_gmt":"2018-05-22T19:39:00","guid":{"rendered":"https:\/\/www.ordinaceplint.cz\/?page_id=736"},"modified":"2018-05-22T20:58:39","modified_gmt":"2018-05-22T19:58:39","slug":"gdpr-upozorneni-pro-pacienty","status":"publish","type":"page","link":"https:\/\/www.ordinaceplint.cz\/index.php\/gdpr-upozorneni-pro-pacienty\/","title":{"rendered":"GDPR &#8211; Upozorn\u011bn\u00ed pro pacienty"},"content":{"rendered":"<p class=\"western\"><span style=\"font-size: large;\">V\u00e1\u017een\u00ed pacienti,<\/span><\/p>\n<p class=\"western\" align=\"justify\"><span style=\"font-size: large;\">v\u00a0souvislosti s\u00a0platnost\u00ed na\u0159\u00edzen\u00ed EU o ochran\u011b osobn\u00edch \u00fadaj\u016f (GDPR), kter\u00e9 nahrazuje od 25. kv\u011btna 2018 sou\u010dasn\u00fd \u010desk\u00fd z\u00e1kon o ochran\u011b osobn\u00edch \u00fadaj\u016f, <\/span><span style=\"font-size: large;\"><u><b>jsme nuceni ukon\u010dit n\u00e1sleduj\u00edc\u00ed formy poskytov\u00e1n\u00ed informac\u00ed <\/b><\/u><\/span><span style=\"font-size: large;\">spadaj\u00edc\u00edch mezi chr\u00e1n\u011bn\u00e9 \u00fadaje dle GDPR.<\/span><\/p>\n<p class=\"western\"><span style=\"font-size: large;\">1) <\/span><span style=\"font-size: large;\"><b>Sd\u011blov\u00e1n\u00ed informac\u00ed souvisej\u00edc\u00edch se zdravotn\u00edm stavem pacienta telefonicky<\/b><\/span><\/p>\n<p class=\"western\" align=\"justify\"><span style=\"font-size: large;\">Upozor\u0148ujeme, \u017ee telefonicky budeme pod\u00e1vat informace volaj\u00edc\u00edmu, jen po p\u0159edchoz\u00edm p\u00edsemn\u00e9m uzav\u0159en\u00ed souhlasu, jeho\u017e nezbytnou sou\u010d\u00e1st\u00ed bude PIN, kter\u00fd bude p\u0159ed poskytnut\u00edm informac\u00ed touto formou po volaj\u00edc\u00edm vy\u017eadov\u00e1n. <\/span><\/p>\n<p class=\"western\" align=\"justify\"><span style=\"font-size: large;\">D\u00e1le upozor\u0148ujeme, \u017ee m\u016f\u017ee doj\u00edt k omezen\u00ed p\u0159\u00edle\u017eitosti poskytnut\u00ed informac\u00ed (by\u0165 budete zn\u00e1t PIN) v okam\u017eiku, kdy v ordinac\u00edch prob\u00edh\u00e1 l\u00e9ka\u0159sk\u00e1 \u010dinnost pro jin\u00e9ho pacienta, kter\u00fd nesm\u00ed b\u00fdt p\u0159\u00edtomen sd\u011blov\u00e1n\u00ed ciz\u00edch osobn\u00edch \u00fadaj\u016f.<\/span><\/p>\n<p class=\"western\"><span style=\"font-size: large;\">2) <\/span><span style=\"font-size: large;\"><b>Sd\u011blov\u00e1n\u00ed informac\u00ed souvisej\u00edc\u00edch se zdravotn\u00edm stavem pacienta elektronicky mailem<\/b><\/span><\/p>\n<p class=\"western\" align=\"justify\"><span style=\"font-size: large;\">Upozor\u0148ujeme, \u017ee nebudeme odpov\u00eddat na p\u0159\u00edchoz\u00ed emaily a sd\u011blovat informace spadaj\u00edc\u00ed mezi chr\u00e1n\u011bn\u00e9 \u00fadaje dle GDPR z\u00a0jin\u00fdch emailov\u00fdch adres ne\u017e z adresy, kter\u00e1 bude sou\u010d\u00e1st\u00ed p\u00edsemn\u00e9ho souhlasu, n\u00e1m ud\u011blen\u00e9ho pacientem. Souhlasem z\u00e1rove\u0148 potvrd\u00edte, \u017ee souhlas\u00edte s\u00a0pou\u017e\u00edv\u00e1n\u00edm t\u00e9to nezabezpe\u010den\u00e9 formy komunikace s\u00a0V\u00e1mi, jako s\u00a0pacientem.<\/span><\/p>\n<p class=\"western\"><span style=\"font-size: large;\"><b>Pokud i nad\u00e1le po\u017eadujete tyto formy sd\u011blov\u00e1n\u00ed informac\u00ed, je nezbytn\u00e9, vyplnit a podepsat souhlas. Tento <\/b><\/span><span style=\"font-size: large;\"><u><b>vypln\u011bn\u00fd a podepsan\u00fd<\/b><\/u><\/span><span style=\"font-size: large;\"><b> souhlas p\u0159edejte v\u00a0ordinaci k\u00a0zaevidov\u00e1n\u00ed.<\/b><\/span><\/p>\n<p><a href=\"https:\/\/www.ordinaceplint.cz\/wp-content\/uploads\/2018\/05\/6.-Souhlas-pacienta-sd\u011blov\u00e1n\u00ed-informac\u00ed-nezabezpe\u010denou-formou.pdf\" target=\"_blank\" rel=\"noopener\">Souhlas pacienta &#8211; sd\u011blov\u00e1n\u00ed informac\u00ed nezabezpe\u010denou formou<\/a><\/p>\n<p class=\"western\"><span style=\"color: #000000;\"><span style=\"font-size: large;\">D\u00e1le upozor\u0148ujeme, \u017ee od 25.5.2018 v\u010detn\u011b NEBUDEME p<span style=\"font-family: Calibri, serif;\">\u0159ed\u00e1vat (pos\u00edlat) jakoukoliv ti\u0161t\u011bnou zdravotnickou dokumentaci (<\/span><span style=\"font-family: Calibri, serif;\"><b>v\u00fdpis, recept, \u017e\u00e1danka, ..<\/b><\/span><span style=\"font-family: Calibri, serif;\">) i by\u0165 v zalepen\u00e9 ob\u00e1lce \u201epo n\u011bkom\u201c (kamar\u00e1d, kolega z pr\u00e1ce, apod.), pokud nen\u00ed doty\u010dn\u00e1 osoba uvedena ve zdravotnick\u00e9 dokumentaci pacienta!!!<\/span><\/span><\/span><\/p>\n","protected":false},"excerpt":{"rendered":"<p>V\u00e1\u017een\u00ed pacienti, v\u00a0souvislosti s\u00a0platnost\u00ed na\u0159\u00edzen\u00ed EU o ochran\u011b osobn\u00edch \u00fadaj\u016f (GDPR), kter\u00e9 nahrazuje od 25. kv\u011btna 2018 sou\u010dasn\u00fd \u010desk\u00fd z\u00e1kon o ochran\u011b osobn\u00edch \u00fadaj\u016f, jsme nuceni ukon\u010dit n\u00e1sleduj\u00edc\u00ed formy poskytov\u00e1n\u00ed informac\u00ed spadaj\u00edc\u00edch mezi chr\u00e1n\u011bn\u00e9 \u00fadaje dle GDPR. 1) Sd\u011blov\u00e1n\u00ed informac\u00ed souvisej\u00edc\u00edch se zdravotn\u00edm stavem pacienta telefonicky Upozor\u0148ujeme, \u017ee telefonicky budeme pod\u00e1vat informace volaj\u00edc\u00edmu, jen po &hellip; <a href=\"https:\/\/www.ordinaceplint.cz\/index.php\/gdpr-upozorneni-pro-pacienty\/\" class=\"more-link\">Pokra\u010dov\u00e1n\u00ed textu <span class=\"screen-reader-text\">GDPR &#8211; Upozorn\u011bn\u00ed pro pacienty<\/span> <span class=\"meta-nav\">&rarr;<\/span><\/a><\/p>\n","protected":false},"author":1,"featured_media":0,"parent":0,"menu_order":0,"comment_status":"closed","ping_status":"closed","template":"","meta":{"_crdt_document":"","footnotes":""},"class_list":["post-736","page","type-page","status-publish","hentry"],"aioseo_notices":[],"_links":{"self":[{"href":"https:\/\/www.ordinaceplint.cz\/index.php\/wp-json\/wp\/v2\/pages\/736","targetHints":{"allow":["GET"]}}],"collection":[{"href":"https:\/\/www.ordinaceplint.cz\/index.php\/wp-json\/wp\/v2\/pages"}],"about":[{"href":"https:\/\/www.ordinaceplint.cz\/index.php\/wp-json\/wp\/v2\/types\/page"}],"author":[{"embeddable":true,"href":"https:\/\/www.ordinaceplint.cz\/index.php\/wp-json\/wp\/v2\/users\/1"}],"replies":[{"embeddable":true,"href":"https:\/\/www.ordinaceplint.cz\/index.php\/wp-json\/wp\/v2\/comments?post=736"}],"version-history":[{"count":4,"href":"https:\/\/www.ordinaceplint.cz\/index.php\/wp-json\/wp\/v2\/pages\/736\/revisions"}],"predecessor-version":[{"id":744,"href":"https:\/\/www.ordinaceplint.cz\/index.php\/wp-json\/wp\/v2\/pages\/736\/revisions\/744"}],"wp:attachment":[{"href":"https:\/\/www.ordinaceplint.cz\/index.php\/wp-json\/wp\/v2\/media?parent=736"}],"curies":[{"name":"wp","href":"https:\/\/api.w.org\/{rel}","templated":true}]}}