{"id":709,"date":"2018-04-30T08:11:43","date_gmt":"2018-04-30T07:11:43","guid":{"rendered":"https:\/\/www.ordinaceplint.cz\/?page_id=709"},"modified":"2018-05-22T20:53:55","modified_gmt":"2018-05-22T19:53:55","slug":"gdpr-obecne","status":"publish","type":"page","link":"https:\/\/www.ordinaceplint.cz\/index.php\/ostatni\/legislativa\/gdpr-obecne\/","title":{"rendered":"GDPR"},"content":{"rendered":"<p><strong>Co je GDPR?<\/strong><\/p>\n<div style=\"text-align: justify;\">GDPR je Obecn\u00e9 na\u0159\u00edzen\u00ed o ochran\u011b osobn\u00edch \u00fadaj\u016f, tedy p\u0159edpis Evropsk\u00e9 unie, kter\u00fd od 25. kv\u011btna 2018 nahrad\u00ed sou\u010dasn\u00fd \u010desk\u00fd z\u00e1kon o ochran\u011b osobn\u00edch \u00fadaj\u016f. GDPR je v\u00a0\u010cesk\u00e9 republice z\u00e1vazn\u00e9. Pravidla GDPR se vztahuj\u00ed i na poskytovatele zdravotn\u00edch slu\u017eeb. Poskytovatel zdravotn\u00edch slu\u017eeb je podle GDPR (stejn\u011b jako podle st\u00e1vaj\u00edc\u00edch pr\u00e1vn\u00edch p\u0159edpis\u016f) tzv. spr\u00e1vcem osobn\u00edch \u00fadaj\u016f.<\/div>\n<div>Pokud chcete o GDPR v\u011bd\u011bt v\u00edce, vyu\u017eijte internet t\u0159eba na t\u00e9to str\u00e1nce &#8211; <a href=\"https:\/\/www.gdpr.cz\/gdpr\/\" target=\"_blank\" rel=\"noopener\">Co je GDPR?<\/a><\/div>\n<p>&nbsp;<\/p>\n<p><strong>Prohl\u00e1\u0161en\u00ed ORDINACE PLINT s.r.o.<br \/>\n<\/strong><\/p>\n<p>Statut\u00e1rn\u00ed z\u00e1stupci spole\u010dnosti prohla\u0161uj\u00ed, \u017ee zpracov\u00e1n\u00ed osobn\u00edch \u00fadaj\u016f prob\u00edh\u00e1 v souladu s po\u017eadavky GDPR.<\/p>\n<p><strong>Informace pro pacienty<br \/>\n<\/strong><\/p>\n<p>Informace o zpracov\u00e1n\u00ed osobn\u00edch \u00fadaj\u016f pacient\u016f na\u0161ich ordinac\u00ed naleznete v dokumentu\u00a0<a href=\"https:\/\/www.ordinaceplint.cz\/wp-content\/uploads\/2018\/04\/zpracov\u00e1n\u00ed-osobn\u00edch-\u00fadaju-pro-pacienty.pdf\" target=\"_blank\" rel=\"noopener\">Informace pro pacienty o zpracov\u00e1n\u00ed osobn\u00edch \u00fadaj\u016f<\/a> .<\/p>\n","protected":false},"excerpt":{"rendered":"<p>Co je GDPR? GDPR je Obecn\u00e9 na\u0159\u00edzen\u00ed o ochran\u011b osobn\u00edch \u00fadaj\u016f, tedy p\u0159edpis Evropsk\u00e9 unie, kter\u00fd od 25. kv\u011btna 2018 nahrad\u00ed sou\u010dasn\u00fd \u010desk\u00fd z\u00e1kon o ochran\u011b osobn\u00edch \u00fadaj\u016f. GDPR je v\u00a0\u010cesk\u00e9 republice z\u00e1vazn\u00e9. Pravidla GDPR se vztahuj\u00ed i na poskytovatele zdravotn\u00edch slu\u017eeb. Poskytovatel zdravotn\u00edch slu\u017eeb je podle GDPR (stejn\u011b jako podle st\u00e1vaj\u00edc\u00edch pr\u00e1vn\u00edch p\u0159edpis\u016f) tzv. &hellip; <a href=\"https:\/\/www.ordinaceplint.cz\/index.php\/ostatni\/legislativa\/gdpr-obecne\/\" class=\"more-link\">Pokra\u010dov\u00e1n\u00ed textu <span class=\"screen-reader-text\">GDPR<\/span> <span class=\"meta-nav\">&rarr;<\/span><\/a><\/p>\n","protected":false},"author":1,"featured_media":0,"parent":605,"menu_order":0,"comment_status":"closed","ping_status":"closed","template":"","meta":{"_crdt_document":"","footnotes":""},"class_list":["post-709","page","type-page","status-publish","hentry"],"aioseo_notices":[],"_links":{"self":[{"href":"https:\/\/www.ordinaceplint.cz\/index.php\/wp-json\/wp\/v2\/pages\/709","targetHints":{"allow":["GET"]}}],"collection":[{"href":"https:\/\/www.ordinaceplint.cz\/index.php\/wp-json\/wp\/v2\/pages"}],"about":[{"href":"https:\/\/www.ordinaceplint.cz\/index.php\/wp-json\/wp\/v2\/types\/page"}],"author":[{"embeddable":true,"href":"https:\/\/www.ordinaceplint.cz\/index.php\/wp-json\/wp\/v2\/users\/1"}],"replies":[{"embeddable":true,"href":"https:\/\/www.ordinaceplint.cz\/index.php\/wp-json\/wp\/v2\/comments?post=709"}],"version-history":[{"count":12,"href":"https:\/\/www.ordinaceplint.cz\/index.php\/wp-json\/wp\/v2\/pages\/709\/revisions"}],"predecessor-version":[{"id":745,"href":"https:\/\/www.ordinaceplint.cz\/index.php\/wp-json\/wp\/v2\/pages\/709\/revisions\/745"}],"up":[{"embeddable":true,"href":"https:\/\/www.ordinaceplint.cz\/index.php\/wp-json\/wp\/v2\/pages\/605"}],"wp:attachment":[{"href":"https:\/\/www.ordinaceplint.cz\/index.php\/wp-json\/wp\/v2\/media?parent=709"}],"curies":[{"name":"wp","href":"https:\/\/api.w.org\/{rel}","templated":true}]}}