{"id":640,"date":"2018-01-31T08:29:55","date_gmt":"2018-01-31T07:29:55","guid":{"rendered":"https:\/\/www.ordinaceplint.cz\/?page_id=640"},"modified":"2022-02-07T07:48:47","modified_gmt":"2022-02-07T06:48:47","slug":"ordinace-roku","status":"publish","type":"page","link":"https:\/\/www.ordinaceplint.cz\/index.php\/ordinace-roku\/","title":{"rendered":"Sout\u011b\u017e &#8222;Ordinace roku 2022&#8220;"},"content":{"rendered":"<p><span style=\"font-size: 36pt;\">Sout\u011b\u017e &#8222;Ordinace roku 2022&#8220;<\/span><\/p>\n<p style=\"text-align: justify;\">V\u00e1\u017een\u00ed pacienti a p\u0159\u00e1tel\u00e9,<\/p>\n<p style=\"text-align: justify;\">op\u011bt po roce jsme byli zapojen\u00ed do projektu ORDINACE ROKU 2022 a dovolujeme se t\u00edmto uch\u00e1zet o va\u0161e hlasy. Jedn\u00e1 se v podstat\u011b o jednu z nejv\u011bt\u0161\u00edch zdravotnick\u00fdch sout\u011b\u017e\u00ed v r\u00e1mci \u010cesk\u00e9 republiky a v lo\u0148sk\u00e9m ro\u010dn\u00edku t\u00e9to sout\u011b\u017ee jsme si d\u00edky v\u00e1m vedli velmi dob\u0159e.<\/p>\n<div>Hlasovat pro na\u0161e ordinace m\u016f\u017eete p\u0159\u00edmo na t\u00e9to str\u00e1nce:<\/div>\n<div><a href=\"https:\/\/hlasovani.ordinaceroku.cz\/subject\/ordinace-plint\" target=\"_blank\" rel=\"noopener noreferrer\">https:\/\/hlasovani.ordinaceroku.cz\/subject\/ordinace-plint<\/a><\/div>\n<div>\u00a0<\/div>\n<div>Pro p\u0159epnut\u00ed na webovou str\u00e1nku, kde je mo\u017en\u00e9 hlasovat m\u016f\u017eete tak\u00e9 pou\u017e\u00edt n\u00e1sleduj\u00edc\u00ed QR k\u00f3d (pro mobiln\u00ed telefony):<\/div>\n<div><a href=\"https:\/\/www.ordinaceplint.cz\/wp-content\/uploads\/2018\/11\/qrcode_ordinace-roku-2018.png\"><img loading=\"lazy\" decoding=\"async\" class=\"wp-image-800 alignnone\" src=\"https:\/\/www.ordinaceplint.cz\/wp-content\/uploads\/2018\/11\/qrcode_ordinace-roku-2018-300x300.png\" alt=\"\" width=\"238\" height=\"238\" srcset=\"https:\/\/www.ordinaceplint.cz\/wp-content\/uploads\/2018\/11\/qrcode_ordinace-roku-2018-300x300.png 300w, https:\/\/www.ordinaceplint.cz\/wp-content\/uploads\/2018\/11\/qrcode_ordinace-roku-2018-150x150.png 150w, https:\/\/www.ordinaceplint.cz\/wp-content\/uploads\/2018\/11\/qrcode_ordinace-roku-2018.png 400w\" sizes=\"auto, (max-width: 238px) 100vw, 238px\" \/><\/a><\/div>\n<div>\u00a0<\/div>\n<div style=\"text-align: justify;\">Pokud n\u00e1m chce v r\u00e1mci t\u00e9to sout\u011b\u017ee d\u00e1t V\u00e1\u0161 hlas i letos, p\u0159ipravili jsme pro v\u00e1s n\u00ed\u017ee jednoduch\u00fd popis jak na to.<\/div>\n<div style=\"text-align: justify;\">Po zvolen\u00ed v\u00fd\u0161e uveden\u00e9ho odkazu nebo QR k\u00f3du se V\u00e1m zobraz\u00ed str\u00e1nka, kde v lev\u00e9m horn\u00edm rohu je hlasovac\u00ed tla\u010d\u00edtko (nazna\u010deno \u017elut\u011b na obr\u00e1zku n\u00ed\u017ee).<\/div>\n<div><a href=\"https:\/\/www.ordinaceplint.cz\/wp-content\/uploads\/2018\/01\/hlasov\u00e1n\u00ed-2017.jpg\"><img loading=\"lazy\" decoding=\"async\" class=\"alignnone size-medium wp-image-656\" src=\"https:\/\/www.ordinaceplint.cz\/wp-content\/uploads\/2018\/01\/hlasov\u00e1n\u00ed-2017-300x222.jpg\" alt=\"\" width=\"300\" height=\"222\" srcset=\"https:\/\/www.ordinaceplint.cz\/wp-content\/uploads\/2018\/01\/hlasov\u00e1n\u00ed-2017-300x222.jpg 300w, https:\/\/www.ordinaceplint.cz\/wp-content\/uploads\/2018\/01\/hlasov\u00e1n\u00ed-2017-768x569.jpg 768w, https:\/\/www.ordinaceplint.cz\/wp-content\/uploads\/2018\/01\/hlasov\u00e1n\u00ed-2017.jpg 820w\" sizes=\"auto, (max-width: 300px) 100vw, 300px\" \/><\/a><\/div>\n<div style=\"text-align: justify;\">1) Zvolte tla\u010d\u00edtko &#8222;Hlasovat&#8220;. Objev\u00ed se formul\u00e1\u0159 :<\/div>\n<div><a href=\"https:\/\/www.ordinaceplint.cz\/wp-content\/uploads\/2018\/01\/hlasov\u00e1n\u00ed-1.jpg\"><img loading=\"lazy\" decoding=\"async\" class=\"alignnone size-medium wp-image-666\" src=\"https:\/\/www.ordinaceplint.cz\/wp-content\/uploads\/2018\/01\/hlasov\u00e1n\u00ed-1-300x228.jpg\" alt=\"\" width=\"300\" height=\"228\" srcset=\"https:\/\/www.ordinaceplint.cz\/wp-content\/uploads\/2018\/01\/hlasov\u00e1n\u00ed-1-300x228.jpg 300w, https:\/\/www.ordinaceplint.cz\/wp-content\/uploads\/2018\/01\/hlasov\u00e1n\u00ed-1-768x585.jpg 768w, https:\/\/www.ordinaceplint.cz\/wp-content\/uploads\/2018\/01\/hlasov\u00e1n\u00ed-1-1024x780.jpg 1024w, https:\/\/www.ordinaceplint.cz\/wp-content\/uploads\/2018\/01\/hlasov\u00e1n\u00ed-1.jpg 1153w\" sizes=\"auto, (max-width: 300px) 100vw, 300px\" \/><\/a><\/div>\n<div style=\"text-align: justify;\">V tomto formul\u00e1\u0159i vypl\u0148te po\u017eadovan\u00e9 informace (povinn\u00e9 jsou jen polo\u017eky s hv\u011bzdi\u010dkami a mus\u00edte potvrdit, \u017ee nejste robot).<\/div>\n<div style=\"text-align: justify;\">2) Potom klikn\u011bte na tla\u010d\u00edtko &#8222;Hlasovat&#8220; dole na str\u00e1nce (nazna\u010deno \u017elut\u011b) a V\u00e1\u0161 hlas bude zapo\u010dten. Z hlediska hlasov\u00e1n\u00ed pro ordinaci nen\u00ed pot\u0159eba \u017e\u00e1dn\u00e1 dal\u0161\u00ed \u010dinnost.<\/div>\n<div style=\"text-align: justify;\">\u00a0<\/div>\n<div>\u00a0<\/div>\n<div>Na str\u00e1nce pro hlasov\u00e1n\u00ed\u00a0 m\u00e1te rovn\u011b\u017e mo\u017enost n\u00e1m zaslat pod\u011bkov\u00e1n\u00ed, pokud chcete. Toto nen\u00ed povinn\u00e9 pro proveden\u00ed hlasov\u00e1n\u00ed.<\/div>\n<div>\u00a0<\/div>\n<div>P\u0159edem moc d\u011bkujeme za Va\u0161e hlasy \ud83d\ude42 .<\/div>\n<div>Zam\u011bstanaci ordinac\u00ed ORDINACE PLINT s.r.o.<\/div>\n","protected":false},"excerpt":{"rendered":"<p>Sout\u011b\u017e &#8222;Ordinace roku 2022&#8220; V\u00e1\u017een\u00ed pacienti a p\u0159\u00e1tel\u00e9, op\u011bt po roce jsme byli zapojen\u00ed do projektu ORDINACE ROKU 2022 a dovolujeme se t\u00edmto uch\u00e1zet o va\u0161e hlasy. Jedn\u00e1 se v podstat\u011b o jednu z nejv\u011bt\u0161\u00edch zdravotnick\u00fdch sout\u011b\u017e\u00ed v r\u00e1mci \u010cesk\u00e9 republiky a v lo\u0148sk\u00e9m ro\u010dn\u00edku t\u00e9to sout\u011b\u017ee jsme si d\u00edky v\u00e1m vedli velmi dob\u0159e. Hlasovat &hellip; <a href=\"https:\/\/www.ordinaceplint.cz\/index.php\/ordinace-roku\/\" class=\"more-link\">Pokra\u010dov\u00e1n\u00ed textu <span class=\"screen-reader-text\">Sout\u011b\u017e &#8222;Ordinace roku 2022&#8220;<\/span> <span class=\"meta-nav\">&rarr;<\/span><\/a><\/p>\n","protected":false},"author":1,"featured_media":0,"parent":0,"menu_order":0,"comment_status":"closed","ping_status":"closed","template":"","meta":{"_crdt_document":"","footnotes":""},"class_list":["post-640","page","type-page","status-publish","hentry"],"aioseo_notices":[],"_links":{"self":[{"href":"https:\/\/www.ordinaceplint.cz\/index.php\/wp-json\/wp\/v2\/pages\/640","targetHints":{"allow":["GET"]}}],"collection":[{"href":"https:\/\/www.ordinaceplint.cz\/index.php\/wp-json\/wp\/v2\/pages"}],"about":[{"href":"https:\/\/www.ordinaceplint.cz\/index.php\/wp-json\/wp\/v2\/types\/page"}],"author":[{"embeddable":true,"href":"https:\/\/www.ordinaceplint.cz\/index.php\/wp-json\/wp\/v2\/users\/1"}],"replies":[{"embeddable":true,"href":"https:\/\/www.ordinaceplint.cz\/index.php\/wp-json\/wp\/v2\/comments?post=640"}],"version-history":[{"count":39,"href":"https:\/\/www.ordinaceplint.cz\/index.php\/wp-json\/wp\/v2\/pages\/640\/revisions"}],"predecessor-version":[{"id":1152,"href":"https:\/\/www.ordinaceplint.cz\/index.php\/wp-json\/wp\/v2\/pages\/640\/revisions\/1152"}],"wp:attachment":[{"href":"https:\/\/www.ordinaceplint.cz\/index.php\/wp-json\/wp\/v2\/media?parent=640"}],"curies":[{"name":"wp","href":"https:\/\/api.w.org\/{rel}","templated":true}]}}