{"id":605,"date":"2018-01-30T08:46:43","date_gmt":"2018-01-30T07:46:43","guid":{"rendered":"http:\/\/www.ordinaceplint.cz\/?page_id=605"},"modified":"2018-04-30T09:52:12","modified_gmt":"2018-04-30T08:52:12","slug":"legislativa","status":"publish","type":"page","link":"https:\/\/www.ordinaceplint.cz\/index.php\/ostatni\/legislativa\/","title":{"rendered":"Legislativa"},"content":{"rendered":"<p style=\"text-align: justify;\">Tato str\u00e1nka se v\u011bnuje v\u00fdhradn\u011b k evidenci nezbytn\u00e9 legislativy pro provoz na\u0161ich ordinac\u00ed a nen\u00ed prioritn\u011b ur\u010dena pro na\u0161e pacienty.<\/p>\n<div>P\u0159ehed z\u00e1kon\u016f a vyhl\u00e1\u0161ek pro zdravotnictv\u00ed:<\/div>\n<div><a href=\"https:\/\/www.zakonyprolidi.cz\/obor\/zdravotnictvi\" target=\"_blank\" rel=\"noopener\">https:\/\/www.zakonyprolidi.cz\/obor\/zdravotnictvi<\/a><\/div>\n<div>\u00a0<\/div>\n<div class=\"western\" style=\"text-align: justify;\">Jak p\u0159edch\u00e1zet pokut\u00e1m p\u0159i kontrol\u00e1ch ve Va\u0161\u00ed ordinaci od org\u00e1n\u016f S\u00daKL dle z\u00e1kona \u010d.268\/2014 Sb.<\/div>\n<div><a href=\"http:\/\/www.ast-czech.cz\/doporuceni-jak-predchazet-pokutam-od-sukl-pri-kontrolach-v-ordinaci\" target=\"_blank\" rel=\"noopener\">http:\/\/www.ast-czech.cz\/doporuceni-jak-predchazet-pokutam-od-sukl-pri-kontrolach-v-ordinaci<\/a><\/div>\n<div><a href=\"http:\/\/www.sukl.cz\/sukl\/legislativa-ceske-republiky-2\" target=\"_blank\" rel=\"noopener\">http:\/\/www.sukl.cz\/sukl\/legislativa-ceske-republiky-2<\/a><\/div>\n<div>\u00a0<\/div>\n<div data-docid=\"10630566\" data-sliceid=\"328182\">Z\u00e1kon \u010d. 268\/2014 Sb. &#8211; <span class=\"h1a\">Z\u00e1kon o zdravotnick\u00fdch prost\u0159edc\u00edch a o zm\u011bn\u011b z\u00e1kona \u010d. 634\/2004 Sb., o spr\u00e1vn\u00edch poplatc\u00edch, ve zn\u011bn\u00ed pozd\u011bj\u0161\u00edch p\u0159edpis\u016f<\/span><\/div>\n<div><a href=\"https:\/\/www.zakonyprolidi.cz\/cs\/2014-268\/zneni-20180401\" target=\"_blank\" rel=\"noopener\">https:\/\/www.zakonyprolidi.cz\/cs\/2014-268\/zneni-20180401<\/a><\/div>\n<div>\u00a0<\/div>\n<header>Registr Zdravotnick\u00fdch Prost\u0159edk\u016f<\/header>\n<p><a href=\"https:\/\/eregpublicsecure.ksrzis.cz\/Registr\/RZPRO\/\" target=\"_blank\" rel=\"noopener\">https:\/\/eregpublicsecure.ksrzis.cz\/Registr\/RZPRO\/<\/a><\/p>\n<div>Vyhl\u00e1\u0161ka \u010d. 70\/2012 Sb. &#8211; <span class=\"h1a\">Vyhl\u00e1\u0161ka o preventivn\u00edch prohl\u00eddk\u00e1ch<\/span><\/div>\n<p><a href=\"https:\/\/www.zakonyprolidi.cz\/cs\/2012-70\" target=\"_blank\" rel=\"noopener\">https:\/\/www.zakonyprolidi.cz\/cs\/2012-70<\/a><\/p>\n<div>Od 25.5.2018 vstupuje v platnost GDPR<\/div>\n<div><a href=\"https:\/\/www.ordinaceplint.cz\/index.php\/ostatni\/legislativa\/gdpr-obecne\/\">ORDINACE PLINT s.r.o. a GDPR<\/a><\/div>\n<p><a href=\"https:\/\/www.gdpr.cz\/gdpr\/\" target=\"_blank\" rel=\"noopener\">Co je GDPR?<\/a><\/p>\n","protected":false},"excerpt":{"rendered":"<p>Tato str\u00e1nka se v\u011bnuje v\u00fdhradn\u011b k evidenci nezbytn\u00e9 legislativy pro provoz na\u0161ich ordinac\u00ed a nen\u00ed prioritn\u011b ur\u010dena pro na\u0161e pacienty. P\u0159ehed z\u00e1kon\u016f a vyhl\u00e1\u0161ek pro zdravotnictv\u00ed: https:\/\/www.zakonyprolidi.cz\/obor\/zdravotnictvi \u00a0 Jak p\u0159edch\u00e1zet pokut\u00e1m p\u0159i kontrol\u00e1ch ve Va\u0161\u00ed ordinaci od org\u00e1n\u016f S\u00daKL dle z\u00e1kona \u010d.268\/2014 Sb. http:\/\/www.ast-czech.cz\/doporuceni-jak-predchazet-pokutam-od-sukl-pri-kontrolach-v-ordinaci http:\/\/www.sukl.cz\/sukl\/legislativa-ceske-republiky-2 \u00a0 Z\u00e1kon \u010d. 268\/2014 Sb. &#8211; Z\u00e1kon o zdravotnick\u00fdch prost\u0159edc\u00edch &hellip; <a href=\"https:\/\/www.ordinaceplint.cz\/index.php\/ostatni\/legislativa\/\" class=\"more-link\">Pokra\u010dov\u00e1n\u00ed textu <span class=\"screen-reader-text\">Legislativa<\/span> <span class=\"meta-nav\">&rarr;<\/span><\/a><\/p>\n","protected":false},"author":1,"featured_media":0,"parent":604,"menu_order":0,"comment_status":"closed","ping_status":"closed","template":"","meta":{"_crdt_document":"","footnotes":""},"class_list":["post-605","page","type-page","status-publish","hentry"],"aioseo_notices":[],"_links":{"self":[{"href":"https:\/\/www.ordinaceplint.cz\/index.php\/wp-json\/wp\/v2\/pages\/605","targetHints":{"allow":["GET"]}}],"collection":[{"href":"https:\/\/www.ordinaceplint.cz\/index.php\/wp-json\/wp\/v2\/pages"}],"about":[{"href":"https:\/\/www.ordinaceplint.cz\/index.php\/wp-json\/wp\/v2\/types\/page"}],"author":[{"embeddable":true,"href":"https:\/\/www.ordinaceplint.cz\/index.php\/wp-json\/wp\/v2\/users\/1"}],"replies":[{"embeddable":true,"href":"https:\/\/www.ordinaceplint.cz\/index.php\/wp-json\/wp\/v2\/comments?post=605"}],"version-history":[{"count":9,"href":"https:\/\/www.ordinaceplint.cz\/index.php\/wp-json\/wp\/v2\/pages\/605\/revisions"}],"predecessor-version":[{"id":721,"href":"https:\/\/www.ordinaceplint.cz\/index.php\/wp-json\/wp\/v2\/pages\/605\/revisions\/721"}],"up":[{"embeddable":true,"href":"https:\/\/www.ordinaceplint.cz\/index.php\/wp-json\/wp\/v2\/pages\/604"}],"wp:attachment":[{"href":"https:\/\/www.ordinaceplint.cz\/index.php\/wp-json\/wp\/v2\/media?parent=605"}],"curies":[{"name":"wp","href":"https:\/\/api.w.org\/{rel}","templated":true}]}}