{"id":39,"date":"2016-03-24T16:30:00","date_gmt":"2016-03-24T15:30:00","guid":{"rendered":"http:\/\/www.ordinaceplint.cz\/?page_id=39"},"modified":"2018-01-28T11:43:10","modified_gmt":"2018-01-28T10:43:10","slug":"ilekar","status":"publish","type":"page","link":"https:\/\/www.ordinaceplint.cz\/index.php\/zdravotnicky-personal\/ilekar\/","title":{"rendered":"MUDr. Alena Blahov\u00e1"},"content":{"rendered":"<p style=\"text-align: left;\">P\u0159edstavujeme V\u00e1m na\u0161eho zam\u011bstnance<\/p>\n<h4 style=\"text-align: left;\"><strong>MUDr. Alena Blahov\u00e1<br \/>\n <\/strong><\/h4>\n<p style=\"text-align: left;\">MUDr. Alena Blahov\u00e1 pracuje v na\u0161\u00ed spole\u010dnosti <a href=\"http:\/\/www.ordinaceplint.cz\/index.php\/o-nas\/\">ORDINACE PLINT s.r.o.<\/a>\u00a0 jako l\u00e9ka\u0159ka v <a href=\"http:\/\/www.ordinaceplint.cz\/index.php\/poskytovane-sluzby\/ordinace-internisty-2\/\">ordinaci internisty<\/a> od 1.2.2013.<\/p>\n<div>P\u0159edstavujeme V\u00e1m jej\u00ed dosa\u017een\u00e9 vzd\u011bl\u00e1n\u00ed a praxi.<\/div>\n\n<table id=\"tablepress-5\" class=\"tablepress tablepress-id-5\">\n<tbody class=\"row-striping row-hover\">\n<tr class=\"row-1\">\n\t<td class=\"column-1\">Obdob\u00ed<\/td><td class=\"column-2\">Popis<\/td>\n<\/tr>\n<tr class=\"row-2\">\n\t<td class=\"column-1\">2007<\/td><td class=\"column-2\">dokon\u010den\u00ed studia na LF UK v Hradci Kr\u00e1lov\u00e9<\/td>\n<\/tr>\n<tr class=\"row-3\">\n\t<td class=\"column-1\">2007 - 2010<\/td><td class=\"column-2\">Nemocnice Boskovice, intern\u00ed odd\u011blen\u00ed<\/td>\n<\/tr>\n<tr class=\"row-4\">\n\t<td class=\"column-1\">od 2013 d\u00e1le<\/td><td class=\"column-2\">ORDINACE PLINT Jev\u00ed\u010dko,\u00a0 l\u00e9ka\u0159ka v intern\u00ed ambulanci<\/td>\n<\/tr>\n<\/tbody>\n<\/table>\n<!-- #tablepress-5 from cache -->\n","protected":false},"excerpt":{"rendered":"<p>P\u0159edstavujeme V\u00e1m na\u0161eho zam\u011bstnance MUDr. Alena Blahov\u00e1 MUDr. Alena Blahov\u00e1 pracuje v na\u0161\u00ed spole\u010dnosti ORDINACE PLINT s.r.o.\u00a0 jako l\u00e9ka\u0159ka v ordinaci internisty od 1.2.2013. P\u0159edstavujeme V\u00e1m jej\u00ed dosa\u017een\u00e9 vzd\u011bl\u00e1n\u00ed a praxi.<\/p>\n","protected":false},"author":1,"featured_media":0,"parent":136,"menu_order":0,"comment_status":"closed","ping_status":"closed","template":"","meta":{"_crdt_document":"","footnotes":""},"class_list":["post-39","page","type-page","status-publish","hentry"],"aioseo_notices":[],"_links":{"self":[{"href":"https:\/\/www.ordinaceplint.cz\/index.php\/wp-json\/wp\/v2\/pages\/39","targetHints":{"allow":["GET"]}}],"collection":[{"href":"https:\/\/www.ordinaceplint.cz\/index.php\/wp-json\/wp\/v2\/pages"}],"about":[{"href":"https:\/\/www.ordinaceplint.cz\/index.php\/wp-json\/wp\/v2\/types\/page"}],"author":[{"embeddable":true,"href":"https:\/\/www.ordinaceplint.cz\/index.php\/wp-json\/wp\/v2\/users\/1"}],"replies":[{"embeddable":true,"href":"https:\/\/www.ordinaceplint.cz\/index.php\/wp-json\/wp\/v2\/comments?post=39"}],"version-history":[{"count":11,"href":"https:\/\/www.ordinaceplint.cz\/index.php\/wp-json\/wp\/v2\/pages\/39\/revisions"}],"predecessor-version":[{"id":456,"href":"https:\/\/www.ordinaceplint.cz\/index.php\/wp-json\/wp\/v2\/pages\/39\/revisions\/456"}],"up":[{"embeddable":true,"href":"https:\/\/www.ordinaceplint.cz\/index.php\/wp-json\/wp\/v2\/pages\/136"}],"wp:attachment":[{"href":"https:\/\/www.ordinaceplint.cz\/index.php\/wp-json\/wp\/v2\/media?parent=39"}],"curies":[{"name":"wp","href":"https:\/\/api.w.org\/{rel}","templated":true}]}}