{"id":357,"date":"2018-01-14T21:35:19","date_gmt":"2018-01-14T20:35:19","guid":{"rendered":"http:\/\/www.ordinaceplint.cz\/?page_id=357"},"modified":"2021-05-10T08:27:16","modified_gmt":"2021-05-10T07:27:16","slug":"nepritomnost","status":"publish","type":"page","link":"https:\/\/www.ordinaceplint.cz\/index.php\/nepritomnost\/","title":{"rendered":"Nep\u0159\u00edtomnost"},"content":{"rendered":"<div style=\"text-align: justify;\">V\u00e1\u017een\u00ed pacienti, zde pro v\u00e1s uv\u00e1d\u00edme seznam term\u00edn\u016f, kdy m\u016f\u017ee b\u00fdt provoz v na\u0161ich ordinac\u00edch omezen.<\/div>\n<div>\u00a0<\/div>\n<p style=\"text-align: left;\">\n<table id=\"tablepress-17\" class=\"tablepress tablepress-id-17\">\n<thead>\n<tr class=\"row-1\">\n\t<th class=\"column-1\">Term\u00edn - D\u016fvod<\/th><th class=\"column-2\">Z\u00e1stup<\/th>\n<\/tr>\n<\/thead>\n<tbody class=\"row-striping row-hover\">\n<tr class=\"row-2\">\n\t<td class=\"column-1\">10. 6. - 11.6.2025 <\/td><td class=\"column-2\">z\u00e1stup pouze akutn\u00ed stavy ambulance Dr. Tr\u010dkov\u00e9, odb\u011bry 10.6. budou dle pl\u00e1nu<\/td>\n<\/tr>\n<tr class=\"row-3\">\n\t<td class=\"column-1\">28.7. - 8.8.2025<\/td><td class=\"column-2\">z\u00e1stup pouze akutn\u00ed stavy ambulance Dr. Tr\u010dkov\u00e9<\/td>\n<\/tr>\n<\/tbody>\n<\/table>\n<!-- #tablepress-17 from cache --><\/p>\n<p style=\"text-align: center;\"><strong>D\u00e1le si dovolujeme p\u0159ipomenout, \u017ee MUDR. ZUZANA \u0160EDRLOV\u00c1 ka\u017ed\u00fd 1. p\u00e1tek v m\u011bs\u00edci neordinuje !!!<\/strong><\/p>\n","protected":false},"excerpt":{"rendered":"<p>V\u00e1\u017een\u00ed pacienti, zde pro v\u00e1s uv\u00e1d\u00edme seznam term\u00edn\u016f, kdy m\u016f\u017ee b\u00fdt provoz v na\u0161ich ordinac\u00edch omezen. \u00a0 D\u00e1le si dovolujeme p\u0159ipomenout, \u017ee MUDR. ZUZANA \u0160EDRLOV\u00c1 ka\u017ed\u00fd 1. p\u00e1tek v m\u011bs\u00edci neordinuje !!!<\/p>\n","protected":false},"author":1,"featured_media":0,"parent":0,"menu_order":0,"comment_status":"closed","ping_status":"closed","template":"","meta":{"_crdt_document":"","footnotes":""},"class_list":["post-357","page","type-page","status-publish","hentry"],"aioseo_notices":[],"_links":{"self":[{"href":"https:\/\/www.ordinaceplint.cz\/index.php\/wp-json\/wp\/v2\/pages\/357","targetHints":{"allow":["GET"]}}],"collection":[{"href":"https:\/\/www.ordinaceplint.cz\/index.php\/wp-json\/wp\/v2\/pages"}],"about":[{"href":"https:\/\/www.ordinaceplint.cz\/index.php\/wp-json\/wp\/v2\/types\/page"}],"author":[{"embeddable":true,"href":"https:\/\/www.ordinaceplint.cz\/index.php\/wp-json\/wp\/v2\/users\/1"}],"replies":[{"embeddable":true,"href":"https:\/\/www.ordinaceplint.cz\/index.php\/wp-json\/wp\/v2\/comments?post=357"}],"version-history":[{"count":21,"href":"https:\/\/www.ordinaceplint.cz\/index.php\/wp-json\/wp\/v2\/pages\/357\/revisions"}],"predecessor-version":[{"id":1113,"href":"https:\/\/www.ordinaceplint.cz\/index.php\/wp-json\/wp\/v2\/pages\/357\/revisions\/1113"}],"wp:attachment":[{"href":"https:\/\/www.ordinaceplint.cz\/index.php\/wp-json\/wp\/v2\/media?parent=357"}],"curies":[{"name":"wp","href":"https:\/\/api.w.org\/{rel}","templated":true}]}}