{"id":32,"date":"2016-03-24T16:10:50","date_gmt":"2016-03-24T15:10:50","guid":{"rendered":"http:\/\/www.ordinaceplint.cz\/?page_id=32"},"modified":"2018-04-16T20:03:33","modified_gmt":"2018-04-16T19:03:33","slug":"plekar","status":"publish","type":"page","link":"https:\/\/www.ordinaceplint.cz\/index.php\/zdravotnicky-personal\/plekar\/","title":{"rendered":"MUDr. Zuzana \u0160edrlov\u00e1"},"content":{"rendered":"<p>P\u0159edstavujeme V\u00e1m na\u0161eho zam\u011bstnance<\/p>\n<h4>MUDr. Zuzana \u0160edrlov\u00e1<\/h4>\n<p><a href=\"https:\/\/www.ordinaceplint.cz\/wp-content\/uploads\/2018\/04\/Zuzka-skica.jpg\"><img loading=\"lazy\" decoding=\"async\" class=\"size-medium wp-image-695 alignnone\" src=\"https:\/\/www.ordinaceplint.cz\/wp-content\/uploads\/2018\/04\/Zuzka-skica-212x300.jpg\" alt=\"\" width=\"212\" height=\"300\" srcset=\"https:\/\/www.ordinaceplint.cz\/wp-content\/uploads\/2018\/04\/Zuzka-skica-212x300.jpg 212w, https:\/\/www.ordinaceplint.cz\/wp-content\/uploads\/2018\/04\/Zuzka-skica-768x1086.jpg 768w, https:\/\/www.ordinaceplint.cz\/wp-content\/uploads\/2018\/04\/Zuzka-skica-724x1024.jpg 724w\" sizes=\"auto, (max-width: 212px) 100vw, 212px\" \/><\/a><\/p>\n<div style=\"text-align: justify;\">MUDr. Zuzana \u0160edrlov\u00e1 pracuje v na\u0161\u00ed spole\u010dnosti jako l\u00e9ka\u0159ka v <a href=\"http:\/\/www.ordinaceplint.cz\/index.php\/poskytovane-sluzby\/ordinace-praktickeho-lekare\/\">ordinaci praktick\u00e9ho l\u00e9ka\u0159e<\/a> od za\u010d\u00e1tku existence spole\u010dnosti <a href=\"http:\/\/www.ordinaceplint.cz\/index.php\/o-nas\/\">ORDINACE PLINT s.r.o.<\/a>\u00a0<\/div>\n<div>\u00a0<\/div>\n<div>Dosavadn\u00ed zam\u011bstn\u00e1n\u00ed a praxe:<\/div>\n<div>\n<table id=\"tablepress-1\" class=\"tablepress tablepress-id-1\">\n<tbody class=\"row-striping row-hover\">\n<tr class=\"row-1\">\n\t<td class=\"column-1\">Obdob\u00ed<\/td><td class=\"column-2\">Popis<\/td>\n<\/tr>\n<tr class=\"row-2\">\n\t<td class=\"column-1\">4\/1996 \u2013 3\/2011<\/td><td class=\"column-2\">l\u00e9ka\u0159 na intern\u00ed odd. Nemocnice Boskovice<\/td>\n<\/tr>\n<tr class=\"row-3\">\n\t<td class=\"column-1\">3\/2007 \u2013 3\/2011<\/td><td class=\"column-2\">prim\u00e1\u0159ka na intern\u00edm odd. Nemocnice Boskovice<\/td>\n<\/tr>\n<tr class=\"row-4\">\n\t<td class=\"column-1\">3\/2011 \u2013 8\/2012<\/td><td class=\"column-2\">vedouc\u00ed JIP, nem. Blansko<\/td>\n<\/tr>\n<tr class=\"row-5\">\n\t<td class=\"column-1\">od 9\/2012 d\u00e1le<\/td><td class=\"column-2\">praktick\u00fd l\u00e9ka\u0159 a internista, ORDINACE PLINT Jev\u00ed\u010dko<\/td>\n<\/tr>\n<\/tbody>\n<\/table>\n<!-- #tablepress-1 from cache --><\/div>\n<div>\n<div>\n<div>\u00a0<\/div>\n<div>Dosa\u017een\u00e9 vzd\u011bl\u00e1n\u00ed kvalifika\u010dn\u00ed nebo specializa\u010dn\u00ed:<\/div>\n<\/div>\n<div>\n<table id=\"tablepress-2\" class=\"tablepress tablepress-id-2\">\n<tbody class=\"row-striping row-hover\">\n<tr class=\"row-1\">\n\t<td class=\"column-1\">Obdob\u00ed<\/td><td class=\"column-2\">Popis<\/td>\n<\/tr>\n<tr class=\"row-2\">\n\t<td class=\"column-1\">7\/2004<\/td><td class=\"column-2\">Licence v oboru vnit\u0159n\u00ed l\u00e9ka\u0159stv\u00ed pro vykon\u00e1v\u00e1n\u00ed soukrom\u00e9 praxe<\/td>\n<\/tr>\n<tr class=\"row-3\">\n\t<td class=\"column-1\">3\/2006<\/td><td class=\"column-2\">Specializovan\u00e1 zp\u016fsobilost ve vnit\u0159n\u00edm l\u00e9ka\u0159stv\u00ed<\/td>\n<\/tr>\n<tr class=\"row-4\">\n\t<td class=\"column-1\">11\/2006<\/td><td class=\"column-2\">Licence v oboru urgentn\u00ed medic\u00edna<\/td>\n<\/tr>\n<tr class=\"row-5\">\n\t<td class=\"column-1\">3\/2009<\/td><td class=\"column-2\">Licence v oboru um\u011bl\u00e1 v\u00fd\u017eiva a metabolick\u00e1 p\u00e9\u010de<\/td>\n<\/tr>\n<tr class=\"row-6\">\n\t<td class=\"column-1\">12\/2010<\/td><td class=\"column-2\">Specializovan\u00e1 zp\u016fsobilost v oboru angiologie<\/td>\n<\/tr>\n<\/tbody>\n<\/table>\n<!-- #tablepress-2 from cache --><\/div>\n<div>\n<p>&nbsp;<\/p>\n<\/div>\n<\/div>\n","protected":false},"excerpt":{"rendered":"<p>P\u0159edstavujeme V\u00e1m na\u0161eho zam\u011bstnance MUDr. Zuzana \u0160edrlov\u00e1 MUDr. Zuzana \u0160edrlov\u00e1 pracuje v na\u0161\u00ed spole\u010dnosti jako l\u00e9ka\u0159ka v ordinaci praktick\u00e9ho l\u00e9ka\u0159e od za\u010d\u00e1tku existence spole\u010dnosti ORDINACE PLINT s.r.o.\u00a0 \u00a0 Dosavadn\u00ed zam\u011bstn\u00e1n\u00ed a praxe: \u00a0 Dosa\u017een\u00e9 vzd\u011bl\u00e1n\u00ed kvalifika\u010dn\u00ed nebo specializa\u010dn\u00ed: &nbsp;<\/p>\n","protected":false},"author":1,"featured_media":0,"parent":136,"menu_order":0,"comment_status":"closed","ping_status":"closed","template":"","meta":{"_crdt_document":"","footnotes":""},"class_list":["post-32","page","type-page","status-publish","hentry"],"aioseo_notices":[],"_links":{"self":[{"href":"https:\/\/www.ordinaceplint.cz\/index.php\/wp-json\/wp\/v2\/pages\/32","targetHints":{"allow":["GET"]}}],"collection":[{"href":"https:\/\/www.ordinaceplint.cz\/index.php\/wp-json\/wp\/v2\/pages"}],"about":[{"href":"https:\/\/www.ordinaceplint.cz\/index.php\/wp-json\/wp\/v2\/types\/page"}],"author":[{"embeddable":true,"href":"https:\/\/www.ordinaceplint.cz\/index.php\/wp-json\/wp\/v2\/users\/1"}],"replies":[{"embeddable":true,"href":"https:\/\/www.ordinaceplint.cz\/index.php\/wp-json\/wp\/v2\/comments?post=32"}],"version-history":[{"count":53,"href":"https:\/\/www.ordinaceplint.cz\/index.php\/wp-json\/wp\/v2\/pages\/32\/revisions"}],"predecessor-version":[{"id":696,"href":"https:\/\/www.ordinaceplint.cz\/index.php\/wp-json\/wp\/v2\/pages\/32\/revisions\/696"}],"up":[{"embeddable":true,"href":"https:\/\/www.ordinaceplint.cz\/index.php\/wp-json\/wp\/v2\/pages\/136"}],"wp:attachment":[{"href":"https:\/\/www.ordinaceplint.cz\/index.php\/wp-json\/wp\/v2\/media?parent=32"}],"curies":[{"name":"wp","href":"https:\/\/api.w.org\/{rel}","templated":true}]}}