{"id":30,"date":"2016-03-24T16:02:48","date_gmt":"2016-03-24T15:02:48","guid":{"rendered":"http:\/\/www.ordinaceplint.cz\/?page_id=30"},"modified":"2018-01-28T13:14:58","modified_gmt":"2018-01-28T12:14:58","slug":"ostatni-sluzby","status":"publish","type":"page","link":"https:\/\/www.ordinaceplint.cz\/index.php\/poskytovane-sluzby\/ostatni-sluzby\/","title":{"rendered":"Ostatn\u00ed slu\u017eby"},"content":{"rendered":"<p>Zdravotnick\u00e1 za\u0159\u00edzen\u00ed, se kter\u00fdmi spolupracujeme (p\u0159edev\u0161\u00edm):<\/p>\n<ul>\n<li>Nemocnice Boskovice<\/li>\n<li>Nemocnice Blansko<\/li>\n<li>Nemocnice Svitavy<\/li>\n<li>OL\u00da Jev\u00ed\u010dko<\/li>\n<li>Laborato\u0159e IFCOR<\/li>\n<\/ul>\n<p>&nbsp;<\/p>\n<p>&nbsp;<\/p>\n<p>&nbsp;<\/p>\n","protected":false},"excerpt":{"rendered":"<p>Zdravotnick\u00e1 za\u0159\u00edzen\u00ed, se kter\u00fdmi spolupracujeme (p\u0159edev\u0161\u00edm): Nemocnice Boskovice Nemocnice Blansko Nemocnice Svitavy OL\u00da Jev\u00ed\u010dko Laborato\u0159e IFCOR &nbsp; &nbsp; &nbsp;<\/p>\n","protected":false},"author":1,"featured_media":0,"parent":82,"menu_order":0,"comment_status":"closed","ping_status":"closed","template":"","meta":{"_crdt_document":"","footnotes":""},"class_list":["post-30","page","type-page","status-publish","hentry"],"aioseo_notices":[],"_links":{"self":[{"href":"https:\/\/www.ordinaceplint.cz\/index.php\/wp-json\/wp\/v2\/pages\/30","targetHints":{"allow":["GET"]}}],"collection":[{"href":"https:\/\/www.ordinaceplint.cz\/index.php\/wp-json\/wp\/v2\/pages"}],"about":[{"href":"https:\/\/www.ordinaceplint.cz\/index.php\/wp-json\/wp\/v2\/types\/page"}],"author":[{"embeddable":true,"href":"https:\/\/www.ordinaceplint.cz\/index.php\/wp-json\/wp\/v2\/users\/1"}],"replies":[{"embeddable":true,"href":"https:\/\/www.ordinaceplint.cz\/index.php\/wp-json\/wp\/v2\/comments?post=30"}],"version-history":[{"count":24,"href":"https:\/\/www.ordinaceplint.cz\/index.php\/wp-json\/wp\/v2\/pages\/30\/revisions"}],"predecessor-version":[{"id":355,"href":"https:\/\/www.ordinaceplint.cz\/index.php\/wp-json\/wp\/v2\/pages\/30\/revisions\/355"}],"up":[{"embeddable":true,"href":"https:\/\/www.ordinaceplint.cz\/index.php\/wp-json\/wp\/v2\/pages\/82"}],"wp:attachment":[{"href":"https:\/\/www.ordinaceplint.cz\/index.php\/wp-json\/wp\/v2\/media?parent=30"}],"curies":[{"name":"wp","href":"https:\/\/api.w.org\/{rel}","templated":true}]}}