{"id":28,"date":"2016-03-24T15:58:00","date_gmt":"2016-03-24T14:58:00","guid":{"rendered":"http:\/\/www.ordinaceplint.cz\/?page_id=28"},"modified":"2018-01-28T13:15:28","modified_gmt":"2018-01-28T12:15:28","slug":"sluzby-vyzivoveho-poradce","status":"publish","type":"page","link":"https:\/\/www.ordinaceplint.cz\/index.php\/poskytovane-sluzby\/sluzby-vyzivoveho-poradce\/","title":{"rendered":"V\u00fd\u017eivov\u00fd poradce"},"content":{"rendered":"<p>Popis slu\u017eeb v\u00fd\u017eivov\u00e9ho poradce<\/p>\n<p>Tato str\u00e1nka se p\u0159ipravuje.<\/p>\n","protected":false},"excerpt":{"rendered":"<p>Popis slu\u017eeb v\u00fd\u017eivov\u00e9ho poradce Tato str\u00e1nka se p\u0159ipravuje.<\/p>\n","protected":false},"author":1,"featured_media":0,"parent":82,"menu_order":0,"comment_status":"closed","ping_status":"closed","template":"","meta":{"_crdt_document":"","footnotes":""},"class_list":["post-28","page","type-page","status-publish","hentry"],"aioseo_notices":[],"_links":{"self":[{"href":"https:\/\/www.ordinaceplint.cz\/index.php\/wp-json\/wp\/v2\/pages\/28","targetHints":{"allow":["GET"]}}],"collection":[{"href":"https:\/\/www.ordinaceplint.cz\/index.php\/wp-json\/wp\/v2\/pages"}],"about":[{"href":"https:\/\/www.ordinaceplint.cz\/index.php\/wp-json\/wp\/v2\/types\/page"}],"author":[{"embeddable":true,"href":"https:\/\/www.ordinaceplint.cz\/index.php\/wp-json\/wp\/v2\/users\/1"}],"replies":[{"embeddable":true,"href":"https:\/\/www.ordinaceplint.cz\/index.php\/wp-json\/wp\/v2\/comments?post=28"}],"version-history":[{"count":3,"href":"https:\/\/www.ordinaceplint.cz\/index.php\/wp-json\/wp\/v2\/pages\/28\/revisions"}],"predecessor-version":[{"id":513,"href":"https:\/\/www.ordinaceplint.cz\/index.php\/wp-json\/wp\/v2\/pages\/28\/revisions\/513"}],"up":[{"embeddable":true,"href":"https:\/\/www.ordinaceplint.cz\/index.php\/wp-json\/wp\/v2\/pages\/82"}],"wp:attachment":[{"href":"https:\/\/www.ordinaceplint.cz\/index.php\/wp-json\/wp\/v2\/media?parent=28"}],"curies":[{"name":"wp","href":"https:\/\/api.w.org\/{rel}","templated":true}]}}