{"id":26,"date":"2016-03-24T15:41:45","date_gmt":"2016-03-24T14:41:45","guid":{"rendered":"http:\/\/www.ordinaceplint.cz\/?page_id=26"},"modified":"2020-05-15T09:05:11","modified_gmt":"2020-05-15T08:05:11","slug":"ordinace-praktickeho-lekare","status":"publish","type":"page","link":"https:\/\/www.ordinaceplint.cz\/index.php\/poskytovane-sluzby\/ordinace-praktickeho-lekare\/","title":{"rendered":"Ordinace praktick\u00e9ho l\u00e9ka\u0159e"},"content":{"rendered":"<p>Upozor\u0148ujeme, \u017ee registrujeme nov\u00e9 pacienty do na\u0161\u00ed ordinace. Hled\u00e1te-li praktick\u00e9ho l\u00e9ka\u0159e a \u017eijete v Jev\u00ed\u010dku nebo okol\u00ed, kontaktujte n\u00e1s na n\u00ed\u017ee uveden\u00e9m telefonu a domluvte se na registraci a term\u00ednu <a href=\"http:\/\/www.ordinaceplint.cz\/index.php\/vstupni-prohlidka-u-praktickeho-lekare\/\" target=\"_blank\" rel=\"noopener noreferrer\">vstupn\u00ed prohl\u00eddky<\/a>.<\/p>\n<p><span style=\"text-decoration: underline;\">Provozn\u00ed informace ordinace praktick\u00e9ho l\u00e9ka\u0159e:<\/span><\/p>\n<div>Person\u00e1l ordinace:<\/div>\n\n<table id=\"tablepress-9\" class=\"tablepress tablepress-id-9\">\n<tbody class=\"row-striping row-hover\">\n<tr class=\"row-1\">\n\t<td class=\"column-1\">praktick\u00fd l\u00e9ka\u0159:<\/td><td class=\"column-2\"><a href=\"http:\/\/www.ordinaceplint.cz\/index.php\/plekar\/\"><span style=\"font-size: 12pt;\">MUDr. Zuzana \u0160edrlov\u00e1<\/span><\/a><\/td>\n<\/tr>\n<tr class=\"row-2\">\n\t<td class=\"column-1\">zdravotn\u00ed sestra:<\/td><td class=\"column-2\"><a href=\"https:\/\/www.ordinaceplint.cz\/index.php\/zdravotnicky-personal\/reznikova\/\"><span style=\"font-size: 12pt;\">Ivana \u0158ezn\u00edkov\u00e1, DiS.<\/span><\/a><\/td>\n<\/tr>\n<\/tbody>\n<\/table>\n<!-- #tablepress-9 from cache -->\n<div>Ordina\u010dn\u00ed\u00a0 hodiny:<\/div>\n<div>\n<table id=\"tablepress-11\" class=\"tablepress tablepress-id-11\">\n<tbody class=\"row-striping row-hover\">\n<tr class=\"row-1\">\n\t<td class=\"column-1\">pond\u011bl\u00ed:<\/td><td class=\"column-2\">7:00 - 14:00 pouze pro objednan\u00e9 pacienty<\/td>\n<\/tr>\n<tr class=\"row-2\">\n\t<td class=\"column-1\">\u00fater\u00fd:<\/td><td class=\"column-2\">7:00 - 13:00 pouze pro objednan\u00e9 pacienty<\/td>\n<\/tr>\n<tr class=\"row-3\">\n\t<td class=\"column-1\">st\u0159eda:<\/td><td class=\"column-2\">12:00 - 18:00 pouze pro objednan\u00e9 pacienty<\/td>\n<\/tr>\n<tr class=\"row-4\">\n\t<td class=\"column-1\">\u010dtvrtek:<\/td><td class=\"column-2\">7:00 - 13:00 pouze pro objednan\u00e9 pacienty<\/td>\n<\/tr>\n<tr class=\"row-5\">\n\t<td class=\"column-1\">p\u00e1tek:<\/td><td class=\"column-2\">7:00 - 12:00 pouze pro objednan\u00e9 pacienty<\/td>\n<\/tr>\n<\/tbody>\n<\/table>\n<!-- #tablepress-11 from cache --><\/div>\n<div style=\"text-align: justify;\">\n<p><span style=\"font-size: 12pt;\"><b>Odb\u011bry krve<\/b> prov\u00e1d\u00ed sestra denn\u011b krom\u011b st\u0159edy <b> od 6:30 \u2013 7:00 hod.<\/b> podle p\u0159edchoz\u00edho objedn\u00e1n\u00ed.<\/span><\/p>\n<\/div>\n<div style=\"text-align: justify;\"><strong><span style=\"color: #ff0000;\">Upozorn\u011bn\u00ed pro v\u0161echny! <\/span><span style=\"color: #ff0000;\">Ka\u017ed\u00fd prvn\u00ed p\u00e1tek v m\u011bs\u00edci neordinujeme !!!<\/span><\/strong> \u00a0<\/div>\n<div style=\"text-align: justify;\">\u00a0<\/div>\n<p style=\"text-align: justify;\">Upozor\u0148ujeme pacienty, \u017ee na n\u00ed\u017ee uveden\u00e9m telefonn\u00edm kontaktu se lze objednat a vyhnout se t\u00edm zbyte\u010dn\u011b dlouh\u00e9mu \u010dek\u00e1n\u00ed v \u010dek\u00e1rn\u011b.<\/p>\n<div>Provozn\u00ed\u00a0 doba:<\/div>\n<div>\n<table id=\"tablepress-10\" class=\"tablepress tablepress-id-10\">\n<tbody class=\"row-striping row-hover\">\n<tr class=\"row-1\">\n\t<td class=\"column-1\">pond\u011bl\u00ed:<\/td><td class=\"column-2\">7:00 - 14:00\u00a0<\/td>\n<\/tr>\n<tr class=\"row-2\">\n\t<td class=\"column-1\">\u00fater\u00fd:<\/td><td class=\"column-2\">7:00 - 13:00<\/td>\n<\/tr>\n<tr class=\"row-3\">\n\t<td class=\"column-1\">st\u0159eda:<\/td><td class=\"column-2\">12:00 - 18:00<\/td>\n<\/tr>\n<tr class=\"row-4\">\n\t<td class=\"column-1\">\u010dtvrtek:<\/td><td class=\"column-2\">7:00 - 13:00\u00a0<\/td>\n<\/tr>\n<tr class=\"row-5\">\n\t<td class=\"column-1\">p\u00e1tek:<\/td><td class=\"column-2\">7:00 - 12:00<\/td>\n<\/tr>\n<\/tbody>\n<\/table>\n<!-- #tablepress-10 from cache --><\/div>\n<p>11:15 &#8211; 11:45 m\u00e1me p\u0159est\u00e1vku na ob\u011bd.<\/p>\n<div>Kontakty do ordinace:<\/div>\n\n<table id=\"tablepress-12\" class=\"tablepress tablepress-id-12\">\n<tbody class=\"row-striping row-hover\">\n<tr class=\"row-1\">\n\t<td class=\"column-1\">MEDEVIO - port\u00e1l zdravotn\u00edch slu\u017eeb ordinace<\/td><td class=\"column-2\"><a href=\"https:\/\/my.medevio.cz\/mudr-sedrlova\" title=\"https:\/\/my.medevio.cz\/mudr-sedrlova\" rel=\"noopener\" target=\"_blank\">https:\/\/my.medevio.cz\/mudr-sedrlova<\/a><\/td>\n<\/tr>\n<tr class=\"row-2\">\n\t<td class=\"column-1\">mobil:<\/td><td class=\"column-2\">+420 739 669 993<\/td>\n<\/tr>\n<\/tbody>\n<\/table>\n<!-- #tablepress-12 from cache -->\n<div>\u00a0<\/div>\n<div><span style=\"text-decoration: underline; font-size: 12pt;\"><strong>Nejen pro na\u0161e pacienty nab\u00edz\u00edme v ordinaci n\u00e1sleduj\u00edc\u00ed zdravotnick\u00e9 slu\u017eby:<\/strong><\/span><\/div>\n\n<table id=\"tablepress-13\" class=\"tablepress tablepress-id-13 tbody-has-connected-cells\">\n<tbody class=\"row-striping row-hover\">\n<tr class=\"row-1\">\n\t<td colspan=\"2\" class=\"column-1\">EKG Seiva (12-ti svodov\u00e9)<\/td>\n<\/tr>\n<tr class=\"row-2\">\n\t<td class=\"column-1\"><a href=\"http:\/\/www.ordinaceplint.cz\/wp-content\/uploads\/2018\/01\/seiva_ekg_praktik.jpg\"><img loading=\"lazy\" decoding=\"async\" src=\"http:\/\/www.ordinaceplint.cz\/wp-content\/uploads\/2018\/01\/seiva_ekg_praktik-300x191.jpg\" alt=\"\" width=\"150\" height=\"96\" class=\"alignnone size-medium wp-image-560\" srcset=\"https:\/\/www.ordinaceplint.cz\/wp-content\/uploads\/2018\/01\/seiva_ekg_praktik-300x191.jpg 300w, https:\/\/www.ordinaceplint.cz\/wp-content\/uploads\/2018\/01\/seiva_ekg_praktik-768x488.jpg 768w, https:\/\/www.ordinaceplint.cz\/wp-content\/uploads\/2018\/01\/seiva_ekg_praktik-1024x651.jpg 1024w, https:\/\/www.ordinaceplint.cz\/wp-content\/uploads\/2018\/01\/seiva_ekg_praktik.jpg 1122w\" sizes=\"auto, (max-width: 150px) 100vw, 150px\" \/><\/a><\/td><td class=\"column-2\">Jednor\u00e1zov\u00e9 vy\u0161et\u0159en\u00ed EKG (12-ti svodov\u00e9 EKG), v\u010detn\u011b popisu vyhotoven\u00e9ho EKG.<\/td>\n<\/tr>\n<tr class=\"row-3\">\n\t<td colspan=\"2\" class=\"column-1\">BTL ABPM Holter<\/td>\n<\/tr>\n<tr class=\"row-4\">\n\t<td class=\"column-1\"><a href=\"http:\/\/www.ordinaceplint.cz\/wp-content\/uploads\/2018\/01\/BTL-08_ABPM.jpg\"><img loading=\"lazy\" decoding=\"async\" src=\"http:\/\/www.ordinaceplint.cz\/wp-content\/uploads\/2018\/01\/BTL-08_ABPM-300x200.jpg\" alt=\"\" width=\"150\" height=\"100\" class=\"alignnone size-medium wp-image-562\" srcset=\"https:\/\/www.ordinaceplint.cz\/wp-content\/uploads\/2018\/01\/BTL-08_ABPM-300x200.jpg 300w, https:\/\/www.ordinaceplint.cz\/wp-content\/uploads\/2018\/01\/BTL-08_ABPM.jpg 750w\" sizes=\"auto, (max-width: 150px) 100vw, 150px\" \/><\/a><\/td><td class=\"column-2\">24 hodinov\u00fd monitoring krevn\u00edho tlaku, pomoc\u00ed mobiln\u00edho za\u0159\u00edzen\u00ed, se kter\u00fdm odejdete dom\u016f.<\/td>\n<\/tr>\n<tr class=\"row-5\">\n\t<td colspan=\"2\" class=\"column-1\">ABI BOSO 100<\/td>\n<\/tr>\n<tr class=\"row-6\">\n\t<td class=\"column-1\"><a href=\"http:\/\/www.ordinaceplint.cz\/wp-content\/uploads\/2018\/01\/ABI-BOSO.jpg\"><img loading=\"lazy\" decoding=\"async\" src=\"http:\/\/www.ordinaceplint.cz\/wp-content\/uploads\/2018\/01\/ABI-BOSO-300x144.jpg\" alt=\"\" width=\"150\" height=\"72\" class=\"alignnone size-medium wp-image-558\" srcset=\"https:\/\/www.ordinaceplint.cz\/wp-content\/uploads\/2018\/01\/ABI-BOSO-300x144.jpg 300w, https:\/\/www.ordinaceplint.cz\/wp-content\/uploads\/2018\/01\/ABI-BOSO.jpg 640w\" sizes=\"auto, (max-width: 150px) 100vw, 150px\" \/><\/a><\/td><td class=\"column-2\">Rychl\u00e9, p\u0159esn\u00e9 a neinvazivn\u00ed vy\u0161et\u0159en\u00ed k ur\u010den\u00ed pr\u016fchodnosti perifern\u00edch tepen na v\u0161ech \u010dty\u0159ech kon\u010detin\u00e1ch.<\/td>\n<\/tr>\n<tr class=\"row-7\">\n\t<td colspan=\"2\" class=\"column-1\">COAG SENSE<\/td>\n<\/tr>\n<tr class=\"row-8\">\n\t<td class=\"column-1\"><a href=\"http:\/\/www.ordinaceplint.cz\/wp-content\/uploads\/2018\/01\/coag-sense.jpg\"><img loading=\"lazy\" decoding=\"async\" src=\"http:\/\/www.ordinaceplint.cz\/wp-content\/uploads\/2018\/01\/coag-sense-300x248.jpg\" alt=\"\" width=\"150\" height=\"124\" class=\"alignnone size-medium wp-image-564\" srcset=\"https:\/\/www.ordinaceplint.cz\/wp-content\/uploads\/2018\/01\/coag-sense-300x248.jpg 300w, https:\/\/www.ordinaceplint.cz\/wp-content\/uploads\/2018\/01\/coag-sense-768x634.jpg 768w, https:\/\/www.ordinaceplint.cz\/wp-content\/uploads\/2018\/01\/coag-sense-1024x845.jpg 1024w\" sizes=\"auto, (max-width: 150px) 100vw, 150px\" \/><\/a><\/td><td class=\"column-2\">Detekce p\u0159\u00edm\u00e9ho sr\u00e1\u017een\u00ed krve z pouze 10\u03bcl (kapky) krve. Slou\u017e\u00ed pro pacienty na terapii Warfarinem. V\u00fdsledek testu je zn\u00e1m obvykle do jedn\u00e9 minuty.<br \/>\n<\/td>\n<\/tr>\n<tr class=\"row-9\">\n\t<td colspan=\"2\" class=\"column-1\">QuikRead Go<\/td>\n<\/tr>\n<tr class=\"row-10\">\n\t<td class=\"column-1\"><a href=\"http:\/\/www.ordinaceplint.cz\/wp-content\/uploads\/2018\/01\/QuikRead_go.jpg\"><img loading=\"lazy\" decoding=\"async\" src=\"http:\/\/www.ordinaceplint.cz\/wp-content\/uploads\/2018\/01\/QuikRead_go.jpg\" alt=\"\" width=\"132\" height=\"128\" class=\"alignnone size-full wp-image-552\" \/><\/a><br \/>\n<a href=\"http:\/\/www.ordinaceplint.cz\/wp-content\/uploads\/2018\/01\/QuikRead_CRP_Hb_kit_web.jpg\"><img loading=\"lazy\" decoding=\"async\" src=\"http:\/\/www.ordinaceplint.cz\/wp-content\/uploads\/2018\/01\/QuikRead_CRP_Hb_kit_web.jpg\" alt=\"\" width=\"149\" height=\"80\" class=\"alignnone size-full wp-image-551\" \/><\/a><\/td><td class=\"column-2\">P\u0159\u00edstroj pro stanoven\u00ed koncentrace CRP nebo-li ke zji\u0161t\u011bn\u00ed z\u00e1n\u011btu v t\u011ble. Podle jeho hladiny jsme schopni rozli\u0161it, zda-li se jedn\u00e1 o bakteri\u00e1ln\u00ed nebo jin\u00fd <br \/>\n(nej\u010dast\u011bji virov\u00fd) p\u016fvod onemocn\u011bn\u00ed.  Hladina CRP u akutn\u00edch z\u00e1n\u011bt\u016f stoup\u00e1 velmi rychle a maxima dosahuje za 48 hodin. Tak se m\u016f\u017eeme snadno rozhodnout o zah\u00e1jen\u00ed l\u00e9\u010dby antibiotiky<\/td>\n<\/tr>\n<tr class=\"row-11\">\n\t<td colspan=\"2\" class=\"column-1\">QUO-LAB<\/td>\n<\/tr>\n<tr class=\"row-12\">\n\t<td class=\"column-1\"><a href=\"http:\/\/www.ordinaceplint.cz\/wp-content\/uploads\/2018\/01\/QUO-Lab.jpg\"><img loading=\"lazy\" decoding=\"async\" src=\"http:\/\/www.ordinaceplint.cz\/wp-content\/uploads\/2018\/01\/QUO-Lab-300x200.jpg\" alt=\"\" width=\"150\" height=\"100\" class=\"alignnone size-medium wp-image-574\" srcset=\"https:\/\/www.ordinaceplint.cz\/wp-content\/uploads\/2018\/01\/QUO-Lab-300x200.jpg 300w, https:\/\/www.ordinaceplint.cz\/wp-content\/uploads\/2018\/01\/QUO-Lab-768x512.jpg 768w, https:\/\/www.ordinaceplint.cz\/wp-content\/uploads\/2018\/01\/QUO-Lab.jpg 945w\" sizes=\"auto, (max-width: 150px) 100vw, 150px\" \/><\/a><\/td><td class=\"column-2\">Stanoven\u00ed glykovan\u00e9ho hemoglobinu, kter\u00fd poskytuje informaci o pr\u016fm\u011brn\u00e9 hladin\u011b cukru v krvi za posledn\u00edch 4-6 t\u00fddn\u016f.<\/td>\n<\/tr>\n<tr class=\"row-13\">\n\t<td colspan=\"2\" class=\"column-1\">QuikRead Go<\/td>\n<\/tr>\n<tr class=\"row-14\">\n\t<td class=\"column-1\"><a href=\"http:\/\/www.ordinaceplint.cz\/wp-content\/uploads\/2018\/01\/QuikRead_go__iFOBT_kit_web.jpg\"><img loading=\"lazy\" decoding=\"async\" src=\"http:\/\/www.ordinaceplint.cz\/wp-content\/uploads\/2018\/01\/QuikRead_go__iFOBT_kit_web-300x147.jpg\" alt=\"\" width=\"150\" height=\"74\" class=\"alignnone size-medium wp-image-553\" srcset=\"https:\/\/www.ordinaceplint.cz\/wp-content\/uploads\/2018\/01\/QuikRead_go__iFOBT_kit_web-300x147.jpg 300w, https:\/\/www.ordinaceplint.cz\/wp-content\/uploads\/2018\/01\/QuikRead_go__iFOBT_kit_web.jpg 327w\" sizes=\"auto, (max-width: 150px) 100vw, 150px\" \/><\/a><\/td><td class=\"column-2\">Vy\u0161et\u0159en\u00ed stolice na okultn\u00ed krv\u00e1cen\u00ed (skryt\u00e9 krv\u00e1cen\u00ed ve stolici).<\/td>\n<\/tr>\n<tr class=\"row-15\">\n\t<td colspan=\"2\" class=\"column-1\">QuikRead Go<\/td>\n<\/tr>\n<tr class=\"row-16\">\n\t<td class=\"column-1\"><a href=\"http:\/\/www.ordinaceplint.cz\/wp-content\/uploads\/2018\/01\/QuikRead_go_Strep_A_kit_web.jpg\"><img loading=\"lazy\" decoding=\"async\" src=\"http:\/\/www.ordinaceplint.cz\/wp-content\/uploads\/2018\/01\/QuikRead_go_Strep_A_kit_web.jpg\" alt=\"\" width=\"147\" height=\"80\" class=\"alignnone size-full wp-image-554\" \/><\/a><\/td><td class=\"column-2\">Test k okam\u017eit\u00e9mu stanoven\u00ed p\u0159\u00edtomnosti Streptokoka (Streptococcus pyogenes) ve v\u00fdt\u011bru z krku, kter\u00fd vy\u017eaduje l\u00e9\u010dbu antibiotiky.<\/td>\n<\/tr>\n<tr class=\"row-17\">\n\t<td colspan=\"2\" class=\"column-1\">URI TEX<\/td>\n<\/tr>\n<tr class=\"row-18\">\n\t<td class=\"column-1\"><a href=\"http:\/\/www.ordinaceplint.cz\/wp-content\/uploads\/2018\/01\/Uritex_big.png\"><img loading=\"lazy\" decoding=\"async\" src=\"http:\/\/www.ordinaceplint.cz\/wp-content\/uploads\/2018\/01\/Uritex_big-300x219.png\" alt=\"\" width=\"150\" height=\"108\" class=\"alignnone size-medium wp-image-576\" \/><\/a><\/td><td class=\"column-2\">Komplexn\u00ed vy\u0161et\u0159en\u00ed mo\u010de v\u010detn\u011b stanoven\u00ed kreatininu a  mikroalbuminurie (p\u0159\u00edtomnost velmi mal\u00e9ho mno\u017estv\u00ed b\u00edlkoviny v mo\u010di).<\/td>\n<\/tr>\n<tr class=\"row-19\">\n\t<td colspan=\"2\" class=\"column-1\">Wellion Calla (glukometr)<\/td>\n<\/tr>\n<tr class=\"row-20\">\n\t<td class=\"column-1\"><a href=\"http:\/\/www.ordinaceplint.cz\/wp-content\/uploads\/2018\/01\/glukometr.jpg\"><img loading=\"lazy\" decoding=\"async\" src=\"http:\/\/www.ordinaceplint.cz\/wp-content\/uploads\/2018\/01\/glukometr-300x264.jpg\" alt=\"\" width=\"150\" height=\"132\" class=\"alignnone size-medium wp-image-579\" srcset=\"https:\/\/www.ordinaceplint.cz\/wp-content\/uploads\/2018\/01\/glukometr-300x264.jpg 300w, https:\/\/www.ordinaceplint.cz\/wp-content\/uploads\/2018\/01\/glukometr.jpg 661w\" sizes=\"auto, (max-width: 150px) 100vw, 150px\" \/><\/a><\/td><td class=\"column-2\">Stanoven\u00ed okam\u017eit\u00e9 hladiny cukru v krvi.<\/td>\n<\/tr>\n<tr class=\"row-21\">\n\t<td colspan=\"2\" class=\"column-1\">Pulzn\u00ed Oxymetr  Compek<\/td>\n<\/tr>\n<tr class=\"row-22\">\n\t<td class=\"column-1\"><a href=\"http:\/\/www.ordinaceplint.cz\/wp-content\/uploads\/2018\/01\/oxymetr-compek.jpg\"><img loading=\"lazy\" decoding=\"async\" src=\"http:\/\/www.ordinaceplint.cz\/wp-content\/uploads\/2018\/01\/oxymetr-compek-222x300.jpg\" alt=\"\" width=\"111\" height=\"150\" class=\"alignnone size-medium wp-image-585\" srcset=\"https:\/\/www.ordinaceplint.cz\/wp-content\/uploads\/2018\/01\/oxymetr-compek-222x300.jpg 222w, https:\/\/www.ordinaceplint.cz\/wp-content\/uploads\/2018\/01\/oxymetr-compek.jpg 250w\" sizes=\"auto, (max-width: 111px) 100vw, 111px\" \/><\/a><\/td><td class=\"column-2\">Pulzn\u00ed oxymetr m\u011b\u0159\u00ed okysli\u010den\u00ed krve nebo sp\u00ed\u0161e saturaci hemoglobinu v arteri\u00e1ln\u00ed krvi kysl\u00edkem.<\/td>\n<\/tr>\n<tr class=\"row-23\">\n\t<td colspan=\"2\" class=\"column-1\">CoaguChek<\/td>\n<\/tr>\n<tr class=\"row-24\">\n\t<td class=\"column-1\"><a href=\"http:\/\/www.ordinaceplint.cz\/wp-content\/uploads\/2018\/01\/coaguchek.jpg\"><img loading=\"lazy\" decoding=\"async\" src=\"http:\/\/www.ordinaceplint.cz\/wp-content\/uploads\/2018\/01\/coaguchek-300x201.jpg\" alt=\"\" width=\"150\" height=\"100\" class=\"alignnone size-medium wp-image-599\" \/><\/a><\/td><td class=\"column-2\">Detekce p\u0159\u00edm\u00e9ho sr\u00e1\u017een\u00ed krve z pouze 10\u03bcl (kapky) krve. Slou\u017e\u00ed pro pacienty na terapii Warfarinem. V\u00fdsledek testu je zn\u00e1m obvykle do jedn\u00e9 minuty.<br \/>\nP\u0159\u00edstroj pou\u017e\u00edv\u00e1me p\u0159i n\u00e1v\u0161t\u011bv\u00e1ch pacient\u016f.<\/td>\n<\/tr>\n<\/tbody>\n<\/table>\n<!-- #tablepress-13 from cache -->\n<p>&nbsp;<\/p>\n<div>Nov\u011b za\u010d\u00edn\u00e1me s aplikac\u00ed\u00a0<a href=\"http:\/\/www.ordinaceplint.cz\/index.php\/akupunktura\/\">akupunktury<\/a>, co\u017e je jedna z l\u00e9\u010debn\u00fdch metod tradi\u010dn\u00ed \u010d\u00ednsk\u00e9 medic\u00edny.<\/div>\n<p>&nbsp;<\/p>\n<p>Ordinace je\u00a0 smluvn\u00edm partnerem n\u00e1sleduj\u00edc\u00edch zdravotn\u00edch poji\u0161\u0165oven:<\/p>\n<p><a href=\"http:\/\/www.ordinaceplint.cz\/wp-content\/uploads\/2017\/12\/VZP-logo-e1513684854595.png\"><img loading=\"lazy\" decoding=\"async\" class=\"size-full wp-image-227 alignnone\" src=\"http:\/\/www.ordinaceplint.cz\/wp-content\/uploads\/2017\/12\/VZP-logo-e1513684854595.png\" alt=\"\" width=\"100\" height=\"34\" \/><\/a><a href=\"http:\/\/www.ordinaceplint.cz\/wp-content\/uploads\/2017\/12\/zpmvcr-e1513686031291.jpg\"><img loading=\"lazy\" decoding=\"async\" class=\"size-full wp-image-229 alignnone\" src=\"http:\/\/www.ordinaceplint.cz\/wp-content\/uploads\/2017\/12\/zpmvcr-e1513686031291.jpg\" alt=\"\" width=\"50\" height=\"50\" \/><\/a><a href=\"http:\/\/www.ordinaceplint.cz\/wp-content\/uploads\/2017\/12\/vozp.png\"><img loading=\"lazy\" decoding=\"async\" class=\"size-full wp-image-231 alignnone\" src=\"http:\/\/www.ordinaceplint.cz\/wp-content\/uploads\/2017\/12\/vozp.png\" alt=\"\" width=\"97\" height=\"57\" \/><\/a><a href=\"http:\/\/www.ordinaceplint.cz\/wp-content\/uploads\/2017\/12\/cpzp.png\"><img loading=\"lazy\" decoding=\"async\" class=\"size-full wp-image-236 alignnone\" src=\"http:\/\/www.ordinaceplint.cz\/wp-content\/uploads\/2017\/12\/cpzp.png\" alt=\"\" width=\"136\" height=\"57\" \/><\/a><a href=\"http:\/\/www.ordinaceplint.cz\/wp-content\/uploads\/2017\/12\/zps.png\"><img loading=\"lazy\" decoding=\"async\" class=\"size-full wp-image-235 alignnone\" src=\"http:\/\/www.ordinaceplint.cz\/wp-content\/uploads\/2017\/12\/zps.png\" alt=\"\" width=\"110\" height=\"57\" \/><\/a><a href=\"https:\/\/www.ordinaceplint.cz\/wp-content\/uploads\/2018\/12\/rbp.png\"><img loading=\"lazy\" decoding=\"async\" class=\"wp-image-809  alignnone\" src=\"https:\/\/www.ordinaceplint.cz\/wp-content\/uploads\/2018\/12\/rbp-300x300.png\" alt=\"\" width=\"59\" height=\"59\" srcset=\"https:\/\/www.ordinaceplint.cz\/wp-content\/uploads\/2018\/12\/rbp-300x300.png 300w, https:\/\/www.ordinaceplint.cz\/wp-content\/uploads\/2018\/12\/rbp-150x150.png 150w, https:\/\/www.ordinaceplint.cz\/wp-content\/uploads\/2018\/12\/rbp.png 481w\" sizes=\"auto, (max-width: 59px) 100vw, 59px\" \/><\/a><a href=\"http:\/\/www.ordinaceplint.cz\/wp-content\/uploads\/2017\/12\/ozp.png\"><img loading=\"lazy\" decoding=\"async\" class=\"size-full wp-image-233 alignnone\" src=\"http:\/\/www.ordinaceplint.cz\/wp-content\/uploads\/2017\/12\/ozp.png\" alt=\"\" width=\"125\" height=\"57\" \/><\/a><\/p>\n","protected":false},"excerpt":{"rendered":"<p>Upozor\u0148ujeme, \u017ee registrujeme nov\u00e9 pacienty do na\u0161\u00ed ordinace. Hled\u00e1te-li praktick\u00e9ho l\u00e9ka\u0159e a \u017eijete v Jev\u00ed\u010dku nebo okol\u00ed, kontaktujte n\u00e1s na n\u00ed\u017ee uveden\u00e9m telefonu a domluvte se na registraci a term\u00ednu vstupn\u00ed prohl\u00eddky. Provozn\u00ed informace ordinace praktick\u00e9ho l\u00e9ka\u0159e: Person\u00e1l ordinace: Ordina\u010dn\u00ed\u00a0 hodiny: Odb\u011bry krve prov\u00e1d\u00ed sestra denn\u011b krom\u011b st\u0159edy od 6:30 \u2013 7:00 hod. podle p\u0159edchoz\u00edho &hellip; <a href=\"https:\/\/www.ordinaceplint.cz\/index.php\/poskytovane-sluzby\/ordinace-praktickeho-lekare\/\" class=\"more-link\">Pokra\u010dov\u00e1n\u00ed textu <span class=\"screen-reader-text\">Ordinace praktick\u00e9ho l\u00e9ka\u0159e<\/span> <span class=\"meta-nav\">&rarr;<\/span><\/a><\/p>\n","protected":false},"author":1,"featured_media":0,"parent":82,"menu_order":0,"comment_status":"closed","ping_status":"closed","template":"","meta":{"_crdt_document":"","footnotes":""},"class_list":["post-26","page","type-page","status-publish","hentry"],"aioseo_notices":[],"_links":{"self":[{"href":"https:\/\/www.ordinaceplint.cz\/index.php\/wp-json\/wp\/v2\/pages\/26","targetHints":{"allow":["GET"]}}],"collection":[{"href":"https:\/\/www.ordinaceplint.cz\/index.php\/wp-json\/wp\/v2\/pages"}],"about":[{"href":"https:\/\/www.ordinaceplint.cz\/index.php\/wp-json\/wp\/v2\/types\/page"}],"author":[{"embeddable":true,"href":"https:\/\/www.ordinaceplint.cz\/index.php\/wp-json\/wp\/v2\/users\/1"}],"replies":[{"embeddable":true,"href":"https:\/\/www.ordinaceplint.cz\/index.php\/wp-json\/wp\/v2\/comments?post=26"}],"version-history":[{"count":70,"href":"https:\/\/www.ordinaceplint.cz\/index.php\/wp-json\/wp\/v2\/pages\/26\/revisions"}],"predecessor-version":[{"id":252,"href":"https:\/\/www.ordinaceplint.cz\/index.php\/wp-json\/wp\/v2\/pages\/26\/revisions\/252"}],"up":[{"embeddable":true,"href":"https:\/\/www.ordinaceplint.cz\/index.php\/wp-json\/wp\/v2\/pages\/82"}],"wp:attachment":[{"href":"https:\/\/www.ordinaceplint.cz\/index.php\/wp-json\/wp\/v2\/media?parent=26"}],"curies":[{"name":"wp","href":"https:\/\/api.w.org\/{rel}","templated":true}]}}