{"id":2,"date":"2016-03-24T11:51:00","date_gmt":"2016-03-24T10:51:00","guid":{"rendered":"http:\/\/10.0.2.15\/?page_id=2"},"modified":"2019-08-08T07:48:25","modified_gmt":"2019-08-08T06:48:25","slug":"o-nas","status":"publish","type":"page","link":"https:\/\/www.ordinaceplint.cz\/index.php\/o-nas\/","title":{"rendered":"O n\u00e1s"},"content":{"rendered":"<p style=\"text-align: justify;\">ORDINACE PLINT byla zalo\u017eena z\u00e1pisem do obchodn\u00edho rejst\u0159\u00edku dne 25.3.2014. Hlavn\u00ed \u010dinnost\u00ed spole\u010dnosti je poskytov\u00e1n\u00ed zdravotnick\u00fdch slu\u017eeb v oboru <strong><span style=\"color: #000000;\"><em>v\u0161eobecn\u00e9 praktick\u00e9 l\u00e9ka\u0159stv\u00ed &#8211; ambulantn\u00ed p\u00e9\u010de<\/em><\/span><\/strong> a <strong><span style=\"color: #000000;\"><em>vnit\u0159n\u00ed l\u00e9ka\u0159stv\u00ed &#8211; ambulantn\u00ed p\u00e9\u010de<\/em><\/span><\/strong><span style=\"color: #000000;\">.<\/span><\/p>\n<div><strong>\u00dadaje o spole\u010dnosti:<\/strong><\/div>\n<div>\n<table id=\"tablepress-7\" class=\"tablepress tablepress-id-7\">\n<tbody class=\"row-striping row-hover\">\n<tr class=\"row-1\">\n\t<td class=\"column-1\">N\u00e1zev firmy:<\/td><td class=\"column-2\">ORDINACE PLINT s.r.o.<\/td>\n<\/tr>\n<tr class=\"row-2\">\n\t<td class=\"column-1\">S\u00eddlo:<\/td><td class=\"column-2\">Okru\u017en\u00ed II 261, 569 43 Jev\u00ed\u010dko<\/td>\n<\/tr>\n<tr class=\"row-3\">\n\t<td class=\"column-1\">I\u010cO:<\/td><td class=\"column-2\"><a href=\"https:\/\/or.justice.cz\/ias\/ui\/rejstrik-firma.vysledky?subjektId=863139&amp;typ=UPLNY\" rel=\"noopener\" target=\"_blank\">02816580<\/a><\/td>\n<\/tr>\n<tr class=\"row-4\">\n\t<td class=\"column-1\">Pr\u00e1vn\u00ed forma:<\/td><td class=\"column-2\">Spole\u010dnost s ru\u010den\u00edm omezen\u00fdm<\/td>\n<\/tr>\n<tr class=\"row-5\">\n\t<td class=\"column-1\">Spisov\u00e1 zna\u010dka:<\/td><td class=\"column-2\">C 33423 veden\u00e1 u Krajsk\u00e9ho soudu v Hradci Kr\u00e1lov\u00e9<\/td>\n<\/tr>\n<tr class=\"row-6\">\n\t<td class=\"column-1\">Jednatel:<\/td><td class=\"column-2\">MUDr. Zuzana \u0160edrlov\u00e1<\/td>\n<\/tr>\n<tr class=\"row-7\">\n\t<td class=\"column-1\">Na\u0161e logo:<\/td><td class=\"column-2\"><a href=\"http:\/\/www.ordinaceplint.cz\/wp-content\/uploads\/2016\/03\/Ordinace-plint-logo.png\"><img loading=\"lazy\" decoding=\"async\" class=\"alignnone size-full wp-image-42\" src=\"http:\/\/www.ordinaceplint.cz\/wp-content\/uploads\/2016\/03\/Ordinace-plint-logo.png\" alt=\"\" width=\"232\" height=\"43\" srcset=\"https:\/\/www.ordinaceplint.cz\/wp-content\/uploads\/2016\/03\/Ordinace-plint-logo.png 465w, https:\/\/www.ordinaceplint.cz\/wp-content\/uploads\/2016\/03\/Ordinace-plint-logo-300x56.png 300w\" sizes=\"auto, (max-width: 232px) 100vw, 232px\" \/><\/a><\/td>\n<\/tr>\n<\/tbody>\n<\/table>\n<!-- #tablepress-7 from cache --><\/div>\n<div><\/div>\n<div><strong>Kontakty:<\/strong><\/div>\n\n<table id=\"tablepress-8\" class=\"tablepress tablepress-id-8\">\n<tbody class=\"row-striping row-hover\">\n<tr class=\"row-1\">\n\t<td class=\"column-1\">email:<\/td><td class=\"column-2\">ordinaceplint@centrum.cz<\/td>\n<\/tr>\n<tr class=\"row-2\">\n\t<td class=\"column-1\">datov\u00e1 schr\u00e1nka:<\/td><td class=\"column-2\">enwfvgh<\/td>\n<\/tr>\n<tr class=\"row-3\">\n\t<td class=\"column-1\">telefon:<\/td><td class=\"column-2\">+420 739 669 993<\/td>\n<\/tr>\n<\/tbody>\n<\/table>\n<!-- #tablepress-8 from cache -->\n<p><strong>Kde n\u00e1s najdete<br \/>\n<\/strong> <a href=\"https:\/\/mapy.cz\/s\/16yWH\" target=\"_blank\" rel=\"noopener noreferrer\">Zobrazen\u00ed na map\u011b<\/a><\/p>\n<p style=\"text-align: justify;\"><strong>Parkov\u00e1n\u00ed<\/strong><br \/>\nNa ulici Okru\u017en\u00ed II je omezen\u00e1 mo\u017enost parkov\u00e1n\u00ed vozidel. Pokud tedy nen\u00ed mo\u017en\u00e9 rozumn\u011b zaparkovat na Okru\u017en\u00ed,\u00a0 doporu\u010dujeme va\u0161e vozidlo zaparkovat na <a href=\"https:\/\/mapy.cz\/s\/1TPuR\" target=\"_blank\" rel=\"noopener noreferrer\">n\u00e1m\u011bst\u00ed<\/a> a nebo na na\u0161em <a href=\"https:\/\/mapy.cz\/s\/1WMvC\" target=\"_blank\" rel=\"noopener noreferrer\">vyhrazen\u00e9m parkovi\u0161ti<\/a> a do ordinac\u00ed doj\u00edt kousek po sv\u00fdch. <span style=\"color: #ff0000;\"><br \/>\n<\/span><\/p>\n<p style=\"text-align: justify;\"><span style=\"color: #ff0000;\">Zcela ur\u010dit\u011b nen\u00ed mo\u017en\u00e9 st\u00e1t na tr\u00e1vn\u00edku nebo nouzov\u00e9m st\u00e1n\u00ed pro sanitky v t\u011bsn\u00e9 bl\u00edzkosti domu zdravotnick\u00fdch slu\u017eeb!<\/span><\/p>\n<p style=\"text-align: justify;\">Pro veden\u00ed zdravotnick\u00e9 dokumentace\u00a0 pou\u017e\u00edv\u00e1me v\u00fdpo\u010detn\u00ed techniku a SW spole\u010dnosti CompuGroup Medical &#8211; PC Doktor. D\u00e1le jsme zapojen\u00ed do l\u00e9ka\u0159sk\u00e9 s\u00edt\u011b MEDICAL NET a eZpr\u00e1va, kter\u00e1 slou\u017e\u00ed pro elektronick\u00e9 (on-line) p\u0159ed\u00e1v\u00e1n\u00ed zdravotnick\u00e9 dokumentace mezi zdravotnick\u00fdmi pracovi\u0161ti.<\/p>\n<p>V cel\u00e9m objektu je instalov\u00e1no zabezpe\u010dovac\u00ed za\u0159\u00edzen\u00ed v\u010detn\u011b jeho p\u0159ipojen\u00ed na dohledov\u00e9 centrum s nep\u0159etr\u017eitou slu\u017ebou.<\/p>\n","protected":false},"excerpt":{"rendered":"<p>ORDINACE PLINT byla zalo\u017eena z\u00e1pisem do obchodn\u00edho rejst\u0159\u00edku dne 25.3.2014. Hlavn\u00ed \u010dinnost\u00ed spole\u010dnosti je poskytov\u00e1n\u00ed zdravotnick\u00fdch slu\u017eeb v oboru v\u0161eobecn\u00e9 praktick\u00e9 l\u00e9ka\u0159stv\u00ed &#8211; ambulantn\u00ed p\u00e9\u010de a vnit\u0159n\u00ed l\u00e9ka\u0159stv\u00ed &#8211; ambulantn\u00ed p\u00e9\u010de. \u00dadaje o spole\u010dnosti: Kontakty: Kde n\u00e1s najdete Zobrazen\u00ed na map\u011b Parkov\u00e1n\u00ed Na ulici Okru\u017en\u00ed II je omezen\u00e1 mo\u017enost parkov\u00e1n\u00ed vozidel. Pokud tedy nen\u00ed mo\u017en\u00e9 &hellip; <a href=\"https:\/\/www.ordinaceplint.cz\/index.php\/o-nas\/\" class=\"more-link\">Pokra\u010dov\u00e1n\u00ed textu <span class=\"screen-reader-text\">O n\u00e1s<\/span> <span class=\"meta-nav\">&rarr;<\/span><\/a><\/p>\n","protected":false},"author":1,"featured_media":0,"parent":0,"menu_order":0,"comment_status":"closed","ping_status":"closed","template":"","meta":{"_crdt_document":"","footnotes":""},"class_list":["post-2","page","type-page","status-publish","hentry"],"aioseo_notices":[],"_links":{"self":[{"href":"https:\/\/www.ordinaceplint.cz\/index.php\/wp-json\/wp\/v2\/pages\/2","targetHints":{"allow":["GET"]}}],"collection":[{"href":"https:\/\/www.ordinaceplint.cz\/index.php\/wp-json\/wp\/v2\/pages"}],"about":[{"href":"https:\/\/www.ordinaceplint.cz\/index.php\/wp-json\/wp\/v2\/types\/page"}],"author":[{"embeddable":true,"href":"https:\/\/www.ordinaceplint.cz\/index.php\/wp-json\/wp\/v2\/users\/1"}],"replies":[{"embeddable":true,"href":"https:\/\/www.ordinaceplint.cz\/index.php\/wp-json\/wp\/v2\/comments?post=2"}],"version-history":[{"count":42,"href":"https:\/\/www.ordinaceplint.cz\/index.php\/wp-json\/wp\/v2\/pages\/2\/revisions"}],"predecessor-version":[{"id":914,"href":"https:\/\/www.ordinaceplint.cz\/index.php\/wp-json\/wp\/v2\/pages\/2\/revisions\/914"}],"wp:attachment":[{"href":"https:\/\/www.ordinaceplint.cz\/index.php\/wp-json\/wp\/v2\/media?parent=2"}],"curies":[{"name":"wp","href":"https:\/\/api.w.org\/{rel}","templated":true}]}}