{"id":105,"date":"2017-07-31T07:42:47","date_gmt":"2017-07-31T06:42:47","guid":{"rendered":"http:\/\/www.ordinaceplint.cz\/?page_id=105"},"modified":"2018-01-28T11:44:34","modified_gmt":"2018-01-28T10:44:34","slug":"monika-liskova","status":"publish","type":"page","link":"https:\/\/www.ordinaceplint.cz\/index.php\/zdravotnicky-personal\/monika-liskova\/","title":{"rendered":"Bc. Monika Li\u0161kov\u00e1"},"content":{"rendered":"<p>P\u0159edstavujeme V\u00e1m na\u0161eho zam\u011bstnance<\/p>\n<h4>Bc. Monika Li\u0161kov\u00e1<\/h4>\n<p style=\"text-align: left;\">Monika Li\u0161kov\u00e1 pracuje v na\u0161\u00ed spole\u010dnosti\u00a0<a href=\"http:\/\/www.ordinaceplint.cz\/index.php\/o-nas\/\">ORDINACE PLINT s.r.o.<\/a>\u00a0 jako zdravotn\u00ed sestra v <a href=\"http:\/\/www.ordinaceplint.cz\/index.php\/poskytovane-sluzby\/ordinace-internisty-2\/\">ordinaci internisty<\/a> od roku 2015.<\/p>\n<div>P\u0159edstavujeme V\u00e1m jej\u00ed dosavadn\u00ed praxi v oboru zdravotn\u00ed sestra:<\/div>\n<div>\u00a0\n<table id=\"tablepress-6\" class=\"tablepress tablepress-id-6\">\n<tbody class=\"row-striping row-hover\">\n<tr class=\"row-1\">\n\t<td class=\"column-1\">Obdob\u00ed<\/td><td class=\"column-2\">Popis<\/td>\n<\/tr>\n<tr class=\"row-2\">\n\t<td class=\"column-1\">1999 - 2000<\/td><td class=\"column-2\">Fakultn\u00ed nemocnice Brno - CHIP<\/td>\n<\/tr>\n<tr class=\"row-3\">\n\t<td class=\"column-1\">2000 - 2009<\/td><td class=\"column-2\">nemocnice Boskovice - ortopedick\u00e9 odd\u011blen\u00ed<\/td>\n<\/tr>\n<tr class=\"row-4\">\n\t<td class=\"column-1\">2009 - 2015<\/td><td class=\"column-2\">Nemocnice Boskovice - Interna JIP<\/td>\n<\/tr>\n<tr class=\"row-5\">\n\t<td class=\"column-1\">2015 a d\u00e1le<\/td><td class=\"column-2\">ORDINACE PLINT Jev\u00ed\u010dko - zdravotn\u00ed sestra, DP\u010c Nemocnice Boskovice (DIOP, \u00daPS)<\/td>\n<\/tr>\n<\/tbody>\n<\/table>\n<!-- #tablepress-6 from cache --><\/div>\n","protected":false},"excerpt":{"rendered":"<p>P\u0159edstavujeme V\u00e1m na\u0161eho zam\u011bstnance Bc. Monika Li\u0161kov\u00e1 Monika Li\u0161kov\u00e1 pracuje v na\u0161\u00ed spole\u010dnosti\u00a0ORDINACE PLINT s.r.o.\u00a0 jako zdravotn\u00ed sestra v ordinaci internisty od roku 2015. P\u0159edstavujeme V\u00e1m jej\u00ed dosavadn\u00ed praxi v oboru zdravotn\u00ed sestra: \u00a0<\/p>\n","protected":false},"author":1,"featured_media":0,"parent":136,"menu_order":0,"comment_status":"closed","ping_status":"closed","template":"","meta":{"_crdt_document":"","footnotes":""},"class_list":["post-105","page","type-page","status-publish","hentry"],"aioseo_notices":[],"_links":{"self":[{"href":"https:\/\/www.ordinaceplint.cz\/index.php\/wp-json\/wp\/v2\/pages\/105","targetHints":{"allow":["GET"]}}],"collection":[{"href":"https:\/\/www.ordinaceplint.cz\/index.php\/wp-json\/wp\/v2\/pages"}],"about":[{"href":"https:\/\/www.ordinaceplint.cz\/index.php\/wp-json\/wp\/v2\/types\/page"}],"author":[{"embeddable":true,"href":"https:\/\/www.ordinaceplint.cz\/index.php\/wp-json\/wp\/v2\/users\/1"}],"replies":[{"embeddable":true,"href":"https:\/\/www.ordinaceplint.cz\/index.php\/wp-json\/wp\/v2\/comments?post=105"}],"version-history":[{"count":15,"href":"https:\/\/www.ordinaceplint.cz\/index.php\/wp-json\/wp\/v2\/pages\/105\/revisions"}],"predecessor-version":[{"id":458,"href":"https:\/\/www.ordinaceplint.cz\/index.php\/wp-json\/wp\/v2\/pages\/105\/revisions\/458"}],"up":[{"embeddable":true,"href":"https:\/\/www.ordinaceplint.cz\/index.php\/wp-json\/wp\/v2\/pages\/136"}],"wp:attachment":[{"href":"https:\/\/www.ordinaceplint.cz\/index.php\/wp-json\/wp\/v2\/media?parent=105"}],"curies":[{"name":"wp","href":"https:\/\/api.w.org\/{rel}","templated":true}]}}